{"id":703,"date":"2025-05-16T22:53:45","date_gmt":"2025-05-16T22:53:45","guid":{"rendered":"https:\/\/przeginia.wer.com.pl\/?page_id=703"},"modified":"2026-02-23T18:54:42","modified_gmt":"2026-02-23T18:54:42","slug":"swietlica-i-stolowka","status":"publish","type":"page","link":"https:\/\/przeginia.edu.pl\/index.php\/swietlica-i-stolowka\/","title":{"rendered":"\u015awietlica i sto\u0142\u00f3wka"},"content":{"rendered":"<div class=\"wpb-content-wrapper\"><p>[vc_row][vc_column][vc_custom_heading text=&#8221;\u015awietlica i sto\u0142\u00f3wka&#8221; font_container=&#8221;tag:h2|font_size:35|text_align:center|color:%231E73BE&#8221; use_theme_fonts=&#8221;yes&#8221; css=&#8221;.vc_custom_1771869455469{margin-bottom: 40px !important;padding-top: 5px !important;padding-right: 5px !important;padding-bottom: 5px !important;padding-left: 5px !important;background-color: #FFFFFF00 !important;border-radius: 35px !important;}&#8221;][\/vc_column][\/vc_row][vc_row][vc_column][vc_column_text css=&#8221;&#8221;]<\/p>\n<h3 style=\"text-align: center;\"><strong>ROK SZKOLNY 2025\/2026<\/strong><\/h3>\n<p style=\"text-align: center;\">Informujemy, \u017ce w roku szkolnym 2025\/2026 \u015bwietlica szkolna<br \/>\nb\u0119dzie czynna od godz. 7:00 do 16:00<\/p>\n<p>[\/vc_column_text][\/vc_column][\/vc_row][vc_row][vc_column width=&#8221;1\/3&#8243;]<style type=\"text\/css\" data-type=\"the7_shortcodes-inline-css\">#default-btn-d996e04d88384def10e102a8147d9b34 {\n  border-radius: 10px;\n  font-size: 14px;\n  line-height: 16px;\n}\n.btn-shadow#default-btn-d996e04d88384def10e102a8147d9b34 {\n  box-shadow: 0 1px 6px rgba(0,0,0,0.12);\n  transition: box-shadow 0.2s ease-out, opacity 0.45s;\n}\n.btn-shadow#default-btn-d996e04d88384def10e102a8147d9b34:hover {\n  box-shadow: 0 5px 11px 0 rgba(0,0,0,0.18), 0 4px 15px 0 rgba(0,0,0,0.15);\n}\n.btn-3d#default-btn-d996e04d88384def10e102a8147d9b34 {\n  box-shadow: 0px 2px 0px 0px #e0e0e0;\n}\n.btn-3d#default-btn-d996e04d88384def10e102a8147d9b34:hover {\n  box-shadow: 0px 2px 0px 0px rgba(85,49,34,0);\n}\n.btn-flat#default-btn-d996e04d88384def10e102a8147d9b34 {\n  box-shadow: none;\n}\n.btn-flat#default-btn-d996e04d88384def10e102a8147d9b34:hover {\n  box-shadow: none;\n}\n#default-btn-d996e04d88384def10e102a8147d9b34.ico-right-side > i {\n  margin-right: 0px;\n  margin-left: 8px;\n}\n#default-btn-d996e04d88384def10e102a8147d9b34 > i {\n  margin-right: 8px;\n  font-size: 50px;\n}\n#default-btn-d996e04d88384def10e102a8147d9b34:not(:hover) {\n  border-width: 1px;\n  border-color: #D6D6D6FA !important;\n  color: #000000;\n  background: #FFFFFF !important;\n  padding: 20px 18px 20px 18px;\n}\n#default-btn-d996e04d88384def10e102a8147d9b34:not(:hover) * {\n  color: #000000;\n}\n#default-btn-d996e04d88384def10e102a8147d9b34:hover {\n  border-width: 1px;\n  color: #000000;\n  background: #93442121 !important;\n  padding: 20px 18px 20px 18px;\n}\n#default-btn-d996e04d88384def10e102a8147d9b34:hover * {\n  color: #000000;\n}\n#default-btn-d996e04d88384def10e102a8147d9b34.ico-right-side > i {\n  margin-right: 0px;\n  margin-left: 8px;\n}\n#default-btn-d996e04d88384def10e102a8147d9b34 > i {\n  margin-right: 8px;\n}<\/style><div class=\"btn-align-center\"><a href=\"https:\/\/przeginia.edu.pl\/wp-content\/uploads\/2025\/12\/REGULAMIN_SWIETLICY_SZKOLNEJ-SP-Przeginia-1.pdf\" class=\"default-btn-shortcode dt-btn fadeIn animate-element animation-builder link-hover-off anchor-link btn-shadow  vc_custom_1767191996218\" id=\"default-btn-d996e04d88384def10e102a8147d9b34\" style=\"width:500px;\"><span>Regulamin \u015bwietlicy szkolnej<\/span><\/a><\/div>[\/vc_column][vc_column width=&#8221;1\/3&#8243;]<style type=\"text\/css\" data-type=\"the7_shortcodes-inline-css\">#default-btn-f67e72da6464181b80b2adfa32f7b4db {\n  border-radius: 10px;\n  font-size: 14px;\n  line-height: 16px;\n}\n.btn-shadow#default-btn-f67e72da6464181b80b2adfa32f7b4db {\n  box-shadow: 0 1px 6px rgba(0,0,0,0.12);\n  transition: box-shadow 0.2s ease-out, opacity 0.45s;\n}\n.btn-shadow#default-btn-f67e72da6464181b80b2adfa32f7b4db:hover {\n  box-shadow: 0 5px 11px 0 rgba(0,0,0,0.18), 0 4px 15px 0 rgba(0,0,0,0.15);\n}\n.btn-3d#default-btn-f67e72da6464181b80b2adfa32f7b4db {\n  box-shadow: 0px 2px 0px 0px #e0e0e0;\n}\n.btn-3d#default-btn-f67e72da6464181b80b2adfa32f7b4db:hover {\n  box-shadow: 0px 2px 0px 0px rgba(85,49,34,0);\n}\n.btn-flat#default-btn-f67e72da6464181b80b2adfa32f7b4db {\n  box-shadow: none;\n}\n.btn-flat#default-btn-f67e72da6464181b80b2adfa32f7b4db:hover {\n  box-shadow: none;\n}\n#default-btn-f67e72da6464181b80b2adfa32f7b4db.ico-right-side > i {\n  margin-right: 0px;\n  margin-left: 8px;\n}\n#default-btn-f67e72da6464181b80b2adfa32f7b4db > i {\n  margin-right: 8px;\n  font-size: 50px;\n}\n#default-btn-f67e72da6464181b80b2adfa32f7b4db:not(:hover) {\n  border-width: 1px;\n  border-color: #D6D6D6FA !important;\n  color: #000000;\n  background: #FFFFFF !important;\n  padding: 20px 18px 20px 18px;\n}\n#default-btn-f67e72da6464181b80b2adfa32f7b4db:not(:hover) * {\n  color: #000000;\n}\n#default-btn-f67e72da6464181b80b2adfa32f7b4db:hover {\n  border-width: 1px;\n  color: #000000;\n  background: #93442121 !important;\n  padding: 20px 18px 20px 18px;\n}\n#default-btn-f67e72da6464181b80b2adfa32f7b4db:hover * {\n  color: #000000;\n}\n#default-btn-f67e72da6464181b80b2adfa32f7b4db.ico-right-side > i {\n  margin-right: 0px;\n  margin-left: 8px;\n}\n#default-btn-f67e72da6464181b80b2adfa32f7b4db > i {\n  margin-right: 8px;\n}<\/style><div class=\"btn-align-center\"><a href=\"https:\/\/przeginia.edu.pl\/wp-content\/uploads\/2026\/02\/zlgoszenie-dziecka-DO-SWIETLICY-2025_2026.doc\" class=\"default-btn-shortcode dt-btn fadeIn animate-element animation-builder link-hover-off anchor-link btn-shadow  vc_custom_1771872585124\" id=\"default-btn-f67e72da6464181b80b2adfa32f7b4db\" style=\"width:500px;\"><span>zlgoszenie dziecka DO SWIETLICY<\/span><\/a><\/div>[\/vc_column][\/vc_row][vc_row][vc_column][vc_custom_heading text=&#8221;Sto\u0142\u00f3wka szkolna&#8221; font_container=&#8221;tag:h2|font_size:35|text_align:center|color:%231E73BE&#8221; use_theme_fonts=&#8221;yes&#8221; css=&#8221;.vc_custom_1771869499947{margin-bottom: 40px !important;padding-top: 5px !important;padding-right: 5px !important;padding-bottom: 5px !important;padding-left: 5px !important;background-color: #FFFFFF00 !important;border-radius: 35px !important;}&#8221;][\/vc_column][\/vc_row][vc_row][vc_column][vc_column_text css=&#8221;&#8221;]<\/p>\n<p style=\"text-align: center;\">Koszt jednego posi\u0142ku \u2013 6,00 z\u0142 dziennie.<\/p>\n<p>[\/vc_column_text][\/vc_column][\/vc_row][vc_row][vc_column width=&#8221;1\/3&#8243;]<style type=\"text\/css\" data-type=\"the7_shortcodes-inline-css\">#default-btn-5434e6ca2e923b88413d23824d282c19 {\n  border-radius: 10px;\n  font-size: 14px;\n  line-height: 16px;\n}\n.btn-shadow#default-btn-5434e6ca2e923b88413d23824d282c19 {\n  box-shadow: 0 1px 6px rgba(0,0,0,0.12);\n  transition: box-shadow 0.2s ease-out, opacity 0.45s;\n}\n.btn-shadow#default-btn-5434e6ca2e923b88413d23824d282c19:hover {\n  box-shadow: 0 5px 11px 0 rgba(0,0,0,0.18), 0 4px 15px 0 rgba(0,0,0,0.15);\n}\n.btn-3d#default-btn-5434e6ca2e923b88413d23824d282c19 {\n  box-shadow: 0px 2px 0px 0px #e0e0e0;\n}\n.btn-3d#default-btn-5434e6ca2e923b88413d23824d282c19:hover {\n  box-shadow: 0px 2px 0px 0px rgba(85,49,34,0);\n}\n.btn-flat#default-btn-5434e6ca2e923b88413d23824d282c19 {\n  box-shadow: none;\n}\n.btn-flat#default-btn-5434e6ca2e923b88413d23824d282c19:hover {\n  box-shadow: none;\n}\n#default-btn-5434e6ca2e923b88413d23824d282c19.ico-right-side > i {\n  margin-right: 0px;\n  margin-left: 8px;\n}\n#default-btn-5434e6ca2e923b88413d23824d282c19 > i {\n  margin-right: 8px;\n  font-size: 50px;\n}\n#default-btn-5434e6ca2e923b88413d23824d282c19:not(:hover) {\n  border-width: 1px;\n  border-color: #D6D6D6FA !important;\n  color: #000000;\n  background: #FFFFFF !important;\n  padding: 20px 18px 20px 18px;\n}\n#default-btn-5434e6ca2e923b88413d23824d282c19:not(:hover) * {\n  color: #000000;\n}\n#default-btn-5434e6ca2e923b88413d23824d282c19:hover {\n  border-width: 1px;\n  color: #000000;\n  background: #93442121 !important;\n  padding: 20px 18px 20px 18px;\n}\n#default-btn-5434e6ca2e923b88413d23824d282c19:hover * {\n  color: #000000;\n}\n#default-btn-5434e6ca2e923b88413d23824d282c19.ico-right-side > i {\n  margin-right: 0px;\n  margin-left: 8px;\n}\n#default-btn-5434e6ca2e923b88413d23824d282c19 > i {\n  margin-right: 8px;\n}<\/style><div class=\"btn-align-center\"><a href=\"https:\/\/przeginia.edu.pl\/wp-content\/uploads\/2026\/02\/regulamin-stolowki-szkolnej.pdf\" class=\"default-btn-shortcode dt-btn fadeIn animate-element animation-builder link-hover-off anchor-link btn-shadow  vc_custom_1771872736483\" id=\"default-btn-5434e6ca2e923b88413d23824d282c19\" style=\"width:500px;\"><span>regulamin stolowki szkolnej<\/span><\/a><\/div>[\/vc_column][vc_column width=&#8221;1\/3&#8243;]<style type=\"text\/css\" data-type=\"the7_shortcodes-inline-css\">#default-btn-0ae0c4943aa01a3510f6084696462341 {\n  border-radius: 10px;\n  font-size: 14px;\n  line-height: 16px;\n}\n.btn-shadow#default-btn-0ae0c4943aa01a3510f6084696462341 {\n  box-shadow: 0 1px 6px rgba(0,0,0,0.12);\n  transition: box-shadow 0.2s ease-out, opacity 0.45s;\n}\n.btn-shadow#default-btn-0ae0c4943aa01a3510f6084696462341:hover {\n  box-shadow: 0 5px 11px 0 rgba(0,0,0,0.18), 0 4px 15px 0 rgba(0,0,0,0.15);\n}\n.btn-3d#default-btn-0ae0c4943aa01a3510f6084696462341 {\n  box-shadow: 0px 2px 0px 0px #e0e0e0;\n}\n.btn-3d#default-btn-0ae0c4943aa01a3510f6084696462341:hover {\n  box-shadow: 0px 2px 0px 0px rgba(85,49,34,0);\n}\n.btn-flat#default-btn-0ae0c4943aa01a3510f6084696462341 {\n  box-shadow: none;\n}\n.btn-flat#default-btn-0ae0c4943aa01a3510f6084696462341:hover {\n  box-shadow: none;\n}\n#default-btn-0ae0c4943aa01a3510f6084696462341.ico-right-side > i {\n  margin-right: 0px;\n  margin-left: 8px;\n}\n#default-btn-0ae0c4943aa01a3510f6084696462341 > i {\n  margin-right: 8px;\n  font-size: 50px;\n}\n#default-btn-0ae0c4943aa01a3510f6084696462341:not(:hover) {\n  border-width: 1px;\n  border-color: #D6D6D6FA !important;\n  color: #000000;\n  background: #FFFFFF !important;\n  padding: 20px 18px 20px 18px;\n}\n#default-btn-0ae0c4943aa01a3510f6084696462341:not(:hover) * {\n  color: #000000;\n}\n#default-btn-0ae0c4943aa01a3510f6084696462341:hover {\n  border-width: 1px;\n  color: #000000;\n  background: #93442121 !important;\n  padding: 20px 18px 20px 18px;\n}\n#default-btn-0ae0c4943aa01a3510f6084696462341:hover * {\n  color: #000000;\n}\n#default-btn-0ae0c4943aa01a3510f6084696462341.ico-right-side > i {\n  margin-right: 0px;\n  margin-left: 8px;\n}\n#default-btn-0ae0c4943aa01a3510f6084696462341 > i {\n  margin-right: 8px;\n}<\/style><div class=\"btn-align-center\"><a href=\"https:\/\/przeginia.edu.pl\/wp-content\/uploads\/2026\/02\/Deklaracja-korzystanie-z-posilkow.pdf\" class=\"default-btn-shortcode dt-btn fadeIn animate-element animation-builder link-hover-off anchor-link btn-shadow  vc_custom_1771872649184\" id=\"default-btn-0ae0c4943aa01a3510f6084696462341\" style=\"width:500px;\"><span>deklaracja \u2013 posi\u0142ki<\/span><\/a><\/div>[\/vc_column][vc_column width=&#8221;1\/3&#8243;]<style type=\"text\/css\" data-type=\"the7_shortcodes-inline-css\">#default-btn-6430b7029c12e0e4449e8c82d294b52d {\n  border-radius: 10px;\n  font-size: 14px;\n  line-height: 16px;\n}\n.btn-shadow#default-btn-6430b7029c12e0e4449e8c82d294b52d {\n  box-shadow: 0 1px 6px rgba(0,0,0,0.12);\n  transition: box-shadow 0.2s ease-out, opacity 0.45s;\n}\n.btn-shadow#default-btn-6430b7029c12e0e4449e8c82d294b52d:hover {\n  box-shadow: 0 5px 11px 0 rgba(0,0,0,0.18), 0 4px 15px 0 rgba(0,0,0,0.15);\n}\n.btn-3d#default-btn-6430b7029c12e0e4449e8c82d294b52d {\n  box-shadow: 0px 2px 0px 0px #e0e0e0;\n}\n.btn-3d#default-btn-6430b7029c12e0e4449e8c82d294b52d:hover {\n  box-shadow: 0px 2px 0px 0px rgba(85,49,34,0);\n}\n.btn-flat#default-btn-6430b7029c12e0e4449e8c82d294b52d {\n  box-shadow: none;\n}\n.btn-flat#default-btn-6430b7029c12e0e4449e8c82d294b52d:hover {\n  box-shadow: none;\n}\n#default-btn-6430b7029c12e0e4449e8c82d294b52d.ico-right-side > i {\n  margin-right: 0px;\n  margin-left: 8px;\n}\n#default-btn-6430b7029c12e0e4449e8c82d294b52d > i {\n  margin-right: 8px;\n  font-size: 50px;\n}\n#default-btn-6430b7029c12e0e4449e8c82d294b52d:not(:hover) {\n  border-width: 1px;\n  border-color: #D6D6D6FA !important;\n  color: #000000;\n  background: #FFFFFF !important;\n  padding: 20px 18px 20px 18px;\n}\n#default-btn-6430b7029c12e0e4449e8c82d294b52d:not(:hover) * {\n  color: #000000;\n}\n#default-btn-6430b7029c12e0e4449e8c82d294b52d:hover {\n  border-width: 1px;\n  color: #000000;\n  background: #93442121 !important;\n  padding: 20px 18px 20px 18px;\n}\n#default-btn-6430b7029c12e0e4449e8c82d294b52d:hover * {\n  color: #000000;\n}\n#default-btn-6430b7029c12e0e4449e8c82d294b52d.ico-right-side > i {\n  margin-right: 0px;\n  margin-left: 8px;\n}\n#default-btn-6430b7029c12e0e4449e8c82d294b52d > i {\n  margin-right: 8px;\n}<\/style><div class=\"btn-align-center\"><a href=\"https:\/\/przeginia.edu.pl\/wp-content\/uploads\/2026\/02\/rezygnacja-z-posilkow.docx\" class=\"default-btn-shortcode dt-btn fadeIn animate-element animation-builder link-hover-off anchor-link btn-shadow  vc_custom_1771872792729\" id=\"default-btn-6430b7029c12e0e4449e8c82d294b52d\" style=\"width:500px;\"><span>rezygnacja z posilkow<\/span><\/a><\/div>[\/vc_column][\/vc_row]<\/p>\n<\/div>","protected":false},"excerpt":{"rendered":"<p>[vc_row][vc_column][vc_custom_heading text=&#8221;\u015awietlica i sto\u0142\u00f3wka&#8221; font_container=&#8221;tag:h2|font_size:35|text_align:center|color:%231E73BE&#8221; use_theme_fonts=&#8221;yes&#8221; css=&#8221;.vc_custom_1771869455469{margin-bottom: 40px !important;padding-top: 5px !important;padding-right: 5px !important;padding-bottom: 5px !important;padding-left: 5px !important;background-color: #FFFFFF00 !important;border-radius: 35px !important;}&#8221;][\/vc_column][\/vc_row][vc_row][vc_column][vc_column_text css=&#8221;&#8221;] ROK SZKOLNY 2025\/2026 Informujemy, \u017ce w roku szkolnym 2025\/2026 \u015bwietlica szkolna b\u0119dzie czynna od godz. 7:00 do 16:00 [\/vc_column_text][\/vc_column][\/vc_row][vc_row][vc_column width=&#8221;1\/3&#8243;][\/vc_column][vc_column width=&#8221;1\/3&#8243;][\/vc_column][\/vc_row][vc_row][vc_column][vc_custom_heading text=&#8221;Sto\u0142\u00f3wka szkolna&#8221; font_container=&#8221;tag:h2|font_size:35|text_align:center|color:%231E73BE&#8221; use_theme_fonts=&#8221;yes&#8221; css=&#8221;.vc_custom_1771869499947{margin-bottom: 40px !important;padding-top: 5px !important;padding-right: 5px !important;padding-bottom: 5px&hellip;<\/p>\n","protected":false},"author":1,"featured_media":0,"parent":0,"menu_order":0,"comment_status":"closed","ping_status":"closed","template":"","meta":{"footnotes":""},"class_list":["post-703","page","type-page","status-publish","hentry","description-off"],"yoast_head":"<!-- This site is optimized with the Yoast SEO plugin v27.4 - https:\/\/yoast.com\/product\/yoast-seo-wordpress\/ -->\n<title>\u015awietlica i sto\u0142\u00f3wka - Zesp&oacute;\u0142 Szk&oacute;\u0142 w Przegini<\/title>\n<meta name=\"robots\" content=\"index, follow, max-snippet:-1, max-image-preview:large, max-video-preview:-1\" \/>\n<link rel=\"canonical\" href=\"https:\/\/przeginia.edu.pl\/index.php\/swietlica-i-stolowka\/\" \/>\n<meta property=\"og:locale\" content=\"pl_PL\" \/>\n<meta property=\"og:type\" content=\"article\" \/>\n<meta property=\"og:title\" content=\"\u015awietlica i sto\u0142\u00f3wka - Zesp&oacute;\u0142 Szk&oacute;\u0142 w Przegini\" \/>\n<meta property=\"og:description\" content=\"[vc_row][vc_column][vc_custom_heading text=&#8221;\u015awietlica i sto\u0142\u00f3wka&#8221; font_container=&#8221;tag:h2|font_size:35|text_align:center|color:%231E73BE&#8221; use_theme_fonts=&#8221;yes&#8221; css=&#8221;.vc_custom_1771869455469{margin-bottom: 40px !important;padding-top: 5px !important;padding-right: 5px !important;padding-bottom: 5px !important;padding-left: 5px !important;background-color: #FFFFFF00 !important;border-radius: 35px !important;}&#8221;][\/vc_column][\/vc_row][vc_row][vc_column][vc_column_text css=&#8221;&#8221;] ROK SZKOLNY 2025\/2026 Informujemy, \u017ce w roku szkolnym 2025\/2026 \u015bwietlica szkolna b\u0119dzie czynna od godz. 7:00 do 16:00 [\/vc_column_text][\/vc_column][\/vc_row][vc_row][vc_column width=&#8221;1\/3&#8243;][\/vc_column][vc_column width=&#8221;1\/3&#8243;][\/vc_column][\/vc_row][vc_row][vc_column][vc_custom_heading text=&#8221;Sto\u0142\u00f3wka szkolna&#8221; font_container=&#8221;tag:h2|font_size:35|text_align:center|color:%231E73BE&#8221; use_theme_fonts=&#8221;yes&#8221; css=&#8221;.vc_custom_1771869499947{margin-bottom: 40px !important;padding-top: 5px !important;padding-right: 5px !important;padding-bottom: 5px&hellip;\" \/>\n<meta property=\"og:url\" content=\"https:\/\/przeginia.edu.pl\/index.php\/swietlica-i-stolowka\/\" \/>\n<meta property=\"og:site_name\" content=\"Zesp&oacute;\u0142 Szk&oacute;\u0142 w Przegini\" \/>\n<meta property=\"article:modified_time\" content=\"2026-02-23T18:54:42+00:00\" \/>\n<meta name=\"twitter:card\" content=\"summary_large_image\" \/>\n<meta name=\"twitter:label1\" content=\"Szacowany czas czytania\" \/>\n\t<meta name=\"twitter:data1\" content=\"2 minuty\" \/>\n<script type=\"application\/ld+json\" class=\"yoast-schema-graph\">{\"@context\":\"https:\\\/\\\/schema.org\",\"@graph\":[{\"@type\":\"WebPage\",\"@id\":\"https:\\\/\\\/przeginia.edu.pl\\\/index.php\\\/swietlica-i-stolowka\\\/\",\"url\":\"https:\\\/\\\/przeginia.edu.pl\\\/index.php\\\/swietlica-i-stolowka\\\/\",\"name\":\"\u015awietlica i sto\u0142\u00f3wka - Zesp&oacute;\u0142 Szk&oacute;\u0142 w Przegini\",\"isPartOf\":{\"@id\":\"https:\\\/\\\/przeginia.edu.pl\\\/#website\"},\"datePublished\":\"2025-05-16T22:53:45+00:00\",\"dateModified\":\"2026-02-23T18:54:42+00:00\",\"breadcrumb\":{\"@id\":\"https:\\\/\\\/przeginia.edu.pl\\\/index.php\\\/swietlica-i-stolowka\\\/#breadcrumb\"},\"inLanguage\":\"pl-PL\",\"potentialAction\":[{\"@type\":\"ReadAction\",\"target\":[\"https:\\\/\\\/przeginia.edu.pl\\\/index.php\\\/swietlica-i-stolowka\\\/\"]}]},{\"@type\":\"BreadcrumbList\",\"@id\":\"https:\\\/\\\/przeginia.edu.pl\\\/index.php\\\/swietlica-i-stolowka\\\/#breadcrumb\",\"itemListElement\":[{\"@type\":\"ListItem\",\"position\":1,\"name\":\"Strona g\u0142\u00f3wna\",\"item\":\"https:\\\/\\\/przeginia.edu.pl\\\/\"},{\"@type\":\"ListItem\",\"position\":2,\"name\":\"\u015awietlica i sto\u0142\u00f3wka\"}]},{\"@type\":\"WebSite\",\"@id\":\"https:\\\/\\\/przeginia.edu.pl\\\/#website\",\"url\":\"https:\\\/\\\/przeginia.edu.pl\\\/\",\"name\":\"Zesp\u00f3\u0142 Szk\u00f3\u0142 w Przegini\",\"description\":\"Odwaga w dzia\u0142aniu, m\u0105dro\u015b\u0107 w nauce, serce w przyja\u017ani.\",\"publisher\":{\"@id\":\"https:\\\/\\\/przeginia.edu.pl\\\/#organization\"},\"potentialAction\":[{\"@type\":\"SearchAction\",\"target\":{\"@type\":\"EntryPoint\",\"urlTemplate\":\"https:\\\/\\\/przeginia.edu.pl\\\/?s={search_term_string}\"},\"query-input\":{\"@type\":\"PropertyValueSpecification\",\"valueRequired\":true,\"valueName\":\"search_term_string\"}}],\"inLanguage\":\"pl-PL\"},{\"@type\":\"Organization\",\"@id\":\"https:\\\/\\\/przeginia.edu.pl\\\/#organization\",\"name\":\"Zesp\u00f3\u0142 Szk\u00f3\u0142 w Przegini\",\"url\":\"https:\\\/\\\/przeginia.edu.pl\\\/\",\"logo\":{\"@type\":\"ImageObject\",\"inLanguage\":\"pl-PL\",\"@id\":\"https:\\\/\\\/przeginia.edu.pl\\\/#\\\/schema\\\/logo\\\/image\\\/\",\"url\":\"https:\\\/\\\/przeginia.edu.pl\\\/wp-content\\\/uploads\\\/2026\\\/02\\\/log-100.png\",\"contentUrl\":\"https:\\\/\\\/przeginia.edu.pl\\\/wp-content\\\/uploads\\\/2026\\\/02\\\/log-100.png\",\"width\":470,\"height\":100,\"caption\":\"Zesp\u00f3\u0142 Szk\u00f3\u0142 w Przegini\"},\"image\":{\"@id\":\"https:\\\/\\\/przeginia.edu.pl\\\/#\\\/schema\\\/logo\\\/image\\\/\"}}]}<\/script>\n<!-- \/ Yoast SEO plugin. -->","yoast_head_json":{"title":"\u015awietlica i sto\u0142\u00f3wka - Zesp&oacute;\u0142 Szk&oacute;\u0142 w Przegini","robots":{"index":"index","follow":"follow","max-snippet":"max-snippet:-1","max-image-preview":"max-image-preview:large","max-video-preview":"max-video-preview:-1"},"canonical":"https:\/\/przeginia.edu.pl\/index.php\/swietlica-i-stolowka\/","og_locale":"pl_PL","og_type":"article","og_title":"\u015awietlica i sto\u0142\u00f3wka - Zesp&oacute;\u0142 Szk&oacute;\u0142 w Przegini","og_description":"[vc_row][vc_column][vc_custom_heading text=&#8221;\u015awietlica i sto\u0142\u00f3wka&#8221; font_container=&#8221;tag:h2|font_size:35|text_align:center|color:%231E73BE&#8221; use_theme_fonts=&#8221;yes&#8221; css=&#8221;.vc_custom_1771869455469{margin-bottom: 40px !important;padding-top: 5px !important;padding-right: 5px !important;padding-bottom: 5px !important;padding-left: 5px !important;background-color: #FFFFFF00 !important;border-radius: 35px !important;}&#8221;][\/vc_column][\/vc_row][vc_row][vc_column][vc_column_text css=&#8221;&#8221;] ROK SZKOLNY 2025\/2026 Informujemy, \u017ce w roku szkolnym 2025\/2026 \u015bwietlica szkolna b\u0119dzie czynna od godz. 7:00 do 16:00 [\/vc_column_text][\/vc_column][\/vc_row][vc_row][vc_column width=&#8221;1\/3&#8243;][\/vc_column][vc_column width=&#8221;1\/3&#8243;][\/vc_column][\/vc_row][vc_row][vc_column][vc_custom_heading text=&#8221;Sto\u0142\u00f3wka szkolna&#8221; font_container=&#8221;tag:h2|font_size:35|text_align:center|color:%231E73BE&#8221; use_theme_fonts=&#8221;yes&#8221; css=&#8221;.vc_custom_1771869499947{margin-bottom: 40px !important;padding-top: 5px !important;padding-right: 5px !important;padding-bottom: 5px&hellip;","og_url":"https:\/\/przeginia.edu.pl\/index.php\/swietlica-i-stolowka\/","og_site_name":"Zesp&oacute;\u0142 Szk&oacute;\u0142 w Przegini","article_modified_time":"2026-02-23T18:54:42+00:00","twitter_card":"summary_large_image","twitter_misc":{"Szacowany czas czytania":"2 minuty"},"schema":{"@context":"https:\/\/schema.org","@graph":[{"@type":"WebPage","@id":"https:\/\/przeginia.edu.pl\/index.php\/swietlica-i-stolowka\/","url":"https:\/\/przeginia.edu.pl\/index.php\/swietlica-i-stolowka\/","name":"\u015awietlica i sto\u0142\u00f3wka - Zesp&oacute;\u0142 Szk&oacute;\u0142 w Przegini","isPartOf":{"@id":"https:\/\/przeginia.edu.pl\/#website"},"datePublished":"2025-05-16T22:53:45+00:00","dateModified":"2026-02-23T18:54:42+00:00","breadcrumb":{"@id":"https:\/\/przeginia.edu.pl\/index.php\/swietlica-i-stolowka\/#breadcrumb"},"inLanguage":"pl-PL","potentialAction":[{"@type":"ReadAction","target":["https:\/\/przeginia.edu.pl\/index.php\/swietlica-i-stolowka\/"]}]},{"@type":"BreadcrumbList","@id":"https:\/\/przeginia.edu.pl\/index.php\/swietlica-i-stolowka\/#breadcrumb","itemListElement":[{"@type":"ListItem","position":1,"name":"Strona g\u0142\u00f3wna","item":"https:\/\/przeginia.edu.pl\/"},{"@type":"ListItem","position":2,"name":"\u015awietlica i sto\u0142\u00f3wka"}]},{"@type":"WebSite","@id":"https:\/\/przeginia.edu.pl\/#website","url":"https:\/\/przeginia.edu.pl\/","name":"Zesp\u00f3\u0142 Szk\u00f3\u0142 w Przegini","description":"Odwaga w dzia\u0142aniu, m\u0105dro\u015b\u0107 w nauce, serce w przyja\u017ani.","publisher":{"@id":"https:\/\/przeginia.edu.pl\/#organization"},"potentialAction":[{"@type":"SearchAction","target":{"@type":"EntryPoint","urlTemplate":"https:\/\/przeginia.edu.pl\/?s={search_term_string}"},"query-input":{"@type":"PropertyValueSpecification","valueRequired":true,"valueName":"search_term_string"}}],"inLanguage":"pl-PL"},{"@type":"Organization","@id":"https:\/\/przeginia.edu.pl\/#organization","name":"Zesp\u00f3\u0142 Szk\u00f3\u0142 w Przegini","url":"https:\/\/przeginia.edu.pl\/","logo":{"@type":"ImageObject","inLanguage":"pl-PL","@id":"https:\/\/przeginia.edu.pl\/#\/schema\/logo\/image\/","url":"https:\/\/przeginia.edu.pl\/wp-content\/uploads\/2026\/02\/log-100.png","contentUrl":"https:\/\/przeginia.edu.pl\/wp-content\/uploads\/2026\/02\/log-100.png","width":470,"height":100,"caption":"Zesp\u00f3\u0142 Szk\u00f3\u0142 w Przegini"},"image":{"@id":"https:\/\/przeginia.edu.pl\/#\/schema\/logo\/image\/"}}]}},"_links":{"self":[{"href":"https:\/\/przeginia.edu.pl\/index.php\/wp-json\/wp\/v2\/pages\/703","targetHints":{"allow":["GET"]}}],"collection":[{"href":"https:\/\/przeginia.edu.pl\/index.php\/wp-json\/wp\/v2\/pages"}],"about":[{"href":"https:\/\/przeginia.edu.pl\/index.php\/wp-json\/wp\/v2\/types\/page"}],"author":[{"embeddable":true,"href":"https:\/\/przeginia.edu.pl\/index.php\/wp-json\/wp\/v2\/users\/1"}],"replies":[{"embeddable":true,"href":"https:\/\/przeginia.edu.pl\/index.php\/wp-json\/wp\/v2\/comments?post=703"}],"version-history":[{"count":12,"href":"https:\/\/przeginia.edu.pl\/index.php\/wp-json\/wp\/v2\/pages\/703\/revisions"}],"predecessor-version":[{"id":3783,"href":"https:\/\/przeginia.edu.pl\/index.php\/wp-json\/wp\/v2\/pages\/703\/revisions\/3783"}],"wp:attachment":[{"href":"https:\/\/przeginia.edu.pl\/index.php\/wp-json\/wp\/v2\/media?parent=703"}],"curies":[{"name":"wp","href":"https:\/\/api.w.org\/{rel}","templated":true}]}}