{"id":3075,"date":"2026-01-05T16:39:56","date_gmt":"2026-01-05T16:39:56","guid":{"rendered":"https:\/\/przeginia.edu.pl\/?page_id=3075"},"modified":"2026-01-05T17:27:45","modified_gmt":"2026-01-05T17:27:45","slug":"statut-szkoly-podstawowej","status":"publish","type":"page","link":"https:\/\/przeginia.edu.pl\/index.php\/statut-szkoly-podstawowej\/","title":{"rendered":"Statut Szko\u0142y Podstawowej"},"content":{"rendered":"<div class=\"wpb-content-wrapper\"><p>[vc_row][vc_column][vc_btn title=&#8221;Statut Szko\u0142y Podstawowej&#8221; shape=&#8221;round&#8221; color=&#8221;primary&#8221; size=&#8221;lg&#8221; align=&#8221;center&#8221; i_icon_fontawesome=&#8221;fa fa-solid fa-arrow-up-right-from-square&#8221; css=&#8221;&#8221; button_block=&#8221;true&#8221; add_icon=&#8221;true&#8221; link=&#8221;url:https%3A%2F%2Fprzeginia.edu.pl%2Fwp-content%2Fuploads%2F2025%2F05%2FSTATUT-SZKOLA-PODSTAWOWA-IM.KROLA-JANA-III-SOBIESKIEGO-W-PRZEGINI.pdf&#8221;][vc_column_text css=&#8221;&#8221;]<\/p>\n<p style=\"text-align: center;\">Tekst jednolity \u2013 obowi\u0105zuje od 24 pa\u017adziernika 2024 r.<\/p>\n<p>[\/vc_column_text][\/vc_column][\/vc_row]<\/p>\n<\/div>","protected":false},"excerpt":{"rendered":"<p>[vc_row][vc_column][vc_btn title=&#8221;Statut Szko\u0142y Podstawowej&#8221; shape=&#8221;round&#8221; color=&#8221;primary&#8221; size=&#8221;lg&#8221; align=&#8221;center&#8221; i_icon_fontawesome=&#8221;fa fa-solid fa-arrow-up-right-from-square&#8221; css=&#8221;&#8221; button_block=&#8221;true&#8221; add_icon=&#8221;true&#8221; link=&#8221;url:https%3A%2F%2Fprzeginia.edu.pl%2Fwp-content%2Fuploads%2F2025%2F05%2FSTATUT-SZKOLA-PODSTAWOWA-IM.KROLA-JANA-III-SOBIESKIEGO-W-PRZEGINI.pdf&#8221;][vc_column_text css=&#8221;&#8221;] Tekst jednolity \u2013 obowi\u0105zuje od 24 pa\u017adziernika 2024 r. [\/vc_column_text][\/vc_column][\/vc_row]<\/p>\n","protected":false},"author":2,"featured_media":0,"parent":0,"menu_order":0,"comment_status":"closed","ping_status":"closed","template":"","meta":{"footnotes":""},"class_list":["post-3075","page","type-page","status-publish","hentry","description-off"],"yoast_head":"<!-- This site is optimized with the Yoast SEO plugin v27.4 - https:\/\/yoast.com\/product\/yoast-seo-wordpress\/ -->\n<title>Statut Szko\u0142y Podstawowej - Zesp&oacute;\u0142 Szk&oacute;\u0142 w Przegini<\/title>\n<meta name=\"robots\" content=\"index, follow, max-snippet:-1, max-image-preview:large, max-video-preview:-1\" \/>\n<link rel=\"canonical\" href=\"https:\/\/przeginia.edu.pl\/index.php\/statut-szkoly-podstawowej\/\" \/>\n<meta property=\"og:locale\" content=\"pl_PL\" \/>\n<meta property=\"og:type\" content=\"article\" \/>\n<meta property=\"og:title\" content=\"Statut Szko\u0142y Podstawowej - Zesp&oacute;\u0142 Szk&oacute;\u0142 w Przegini\" \/>\n<meta property=\"og:description\" content=\"[vc_row][vc_column][vc_btn title=&#8221;Statut Szko\u0142y Podstawowej&#8221; shape=&#8221;round&#8221; color=&#8221;primary&#8221; size=&#8221;lg&#8221; align=&#8221;center&#8221; i_icon_fontawesome=&#8221;fa fa-solid fa-arrow-up-right-from-square&#8221; css=&#8221;&#8221; button_block=&#8221;true&#8221; add_icon=&#8221;true&#8221; link=&#8221;url:https%3A%2F%2Fprzeginia.edu.pl%2Fwp-content%2Fuploads%2F2025%2F05%2FSTATUT-SZKOLA-PODSTAWOWA-IM.KROLA-JANA-III-SOBIESKIEGO-W-PRZEGINI.pdf&#8221;][vc_column_text css=&#8221;&#8221;] Tekst jednolity \u2013 obowi\u0105zuje od 24 pa\u017adziernika 2024 r. [\/vc_column_text][\/vc_column][\/vc_row]\" \/>\n<meta property=\"og:url\" content=\"https:\/\/przeginia.edu.pl\/index.php\/statut-szkoly-podstawowej\/\" \/>\n<meta property=\"og:site_name\" content=\"Zesp&oacute;\u0142 Szk&oacute;\u0142 w Przegini\" \/>\n<meta property=\"article:modified_time\" content=\"2026-01-05T17:27:45+00:00\" \/>\n<meta name=\"twitter:card\" content=\"summary_large_image\" \/>\n<script type=\"application\/ld+json\" class=\"yoast-schema-graph\">{\"@context\":\"https:\\\/\\\/schema.org\",\"@graph\":[{\"@type\":\"WebPage\",\"@id\":\"https:\\\/\\\/przeginia.edu.pl\\\/index.php\\\/statut-szkoly-podstawowej\\\/\",\"url\":\"https:\\\/\\\/przeginia.edu.pl\\\/index.php\\\/statut-szkoly-podstawowej\\\/\",\"name\":\"Statut Szko\u0142y Podstawowej - Zesp&oacute;\u0142 Szk&oacute;\u0142 w Przegini\",\"isPartOf\":{\"@id\":\"https:\\\/\\\/przeginia.edu.pl\\\/#website\"},\"datePublished\":\"2026-01-05T16:39:56+00:00\",\"dateModified\":\"2026-01-05T17:27:45+00:00\",\"breadcrumb\":{\"@id\":\"https:\\\/\\\/przeginia.edu.pl\\\/index.php\\\/statut-szkoly-podstawowej\\\/#breadcrumb\"},\"inLanguage\":\"pl-PL\",\"potentialAction\":[{\"@type\":\"ReadAction\",\"target\":[\"https:\\\/\\\/przeginia.edu.pl\\\/index.php\\\/statut-szkoly-podstawowej\\\/\"]}]},{\"@type\":\"BreadcrumbList\",\"@id\":\"https:\\\/\\\/przeginia.edu.pl\\\/index.php\\\/statut-szkoly-podstawowej\\\/#breadcrumb\",\"itemListElement\":[{\"@type\":\"ListItem\",\"position\":1,\"name\":\"Strona g\u0142\u00f3wna\",\"item\":\"https:\\\/\\\/przeginia.edu.pl\\\/\"},{\"@type\":\"ListItem\",\"position\":2,\"name\":\"Statut Szko\u0142y Podstawowej\"}]},{\"@type\":\"WebSite\",\"@id\":\"https:\\\/\\\/przeginia.edu.pl\\\/#website\",\"url\":\"https:\\\/\\\/przeginia.edu.pl\\\/\",\"name\":\"Zesp\u00f3\u0142 Szk\u00f3\u0142 w Przegini\",\"description\":\"Odwaga w dzia\u0142aniu, m\u0105dro\u015b\u0107 w nauce, serce w przyja\u017ani.\",\"publisher\":{\"@id\":\"https:\\\/\\\/przeginia.edu.pl\\\/#organization\"},\"potentialAction\":[{\"@type\":\"SearchAction\",\"target\":{\"@type\":\"EntryPoint\",\"urlTemplate\":\"https:\\\/\\\/przeginia.edu.pl\\\/?s={search_term_string}\"},\"query-input\":{\"@type\":\"PropertyValueSpecification\",\"valueRequired\":true,\"valueName\":\"search_term_string\"}}],\"inLanguage\":\"pl-PL\"},{\"@type\":\"Organization\",\"@id\":\"https:\\\/\\\/przeginia.edu.pl\\\/#organization\",\"name\":\"Zesp\u00f3\u0142 Szk\u00f3\u0142 w Przegini\",\"url\":\"https:\\\/\\\/przeginia.edu.pl\\\/\",\"logo\":{\"@type\":\"ImageObject\",\"inLanguage\":\"pl-PL\",\"@id\":\"https:\\\/\\\/przeginia.edu.pl\\\/#\\\/schema\\\/logo\\\/image\\\/\",\"url\":\"https:\\\/\\\/przeginia.edu.pl\\\/wp-content\\\/uploads\\\/2026\\\/02\\\/log-100.png\",\"contentUrl\":\"https:\\\/\\\/przeginia.edu.pl\\\/wp-content\\\/uploads\\\/2026\\\/02\\\/log-100.png\",\"width\":470,\"height\":100,\"caption\":\"Zesp\u00f3\u0142 Szk\u00f3\u0142 w Przegini\"},\"image\":{\"@id\":\"https:\\\/\\\/przeginia.edu.pl\\\/#\\\/schema\\\/logo\\\/image\\\/\"}}]}<\/script>\n<!-- \/ Yoast SEO plugin. -->","yoast_head_json":{"title":"Statut Szko\u0142y Podstawowej - Zesp&oacute;\u0142 Szk&oacute;\u0142 w Przegini","robots":{"index":"index","follow":"follow","max-snippet":"max-snippet:-1","max-image-preview":"max-image-preview:large","max-video-preview":"max-video-preview:-1"},"canonical":"https:\/\/przeginia.edu.pl\/index.php\/statut-szkoly-podstawowej\/","og_locale":"pl_PL","og_type":"article","og_title":"Statut Szko\u0142y Podstawowej - Zesp&oacute;\u0142 Szk&oacute;\u0142 w Przegini","og_description":"[vc_row][vc_column][vc_btn title=&#8221;Statut Szko\u0142y Podstawowej&#8221; shape=&#8221;round&#8221; color=&#8221;primary&#8221; size=&#8221;lg&#8221; align=&#8221;center&#8221; i_icon_fontawesome=&#8221;fa fa-solid fa-arrow-up-right-from-square&#8221; css=&#8221;&#8221; button_block=&#8221;true&#8221; add_icon=&#8221;true&#8221; link=&#8221;url:https%3A%2F%2Fprzeginia.edu.pl%2Fwp-content%2Fuploads%2F2025%2F05%2FSTATUT-SZKOLA-PODSTAWOWA-IM.KROLA-JANA-III-SOBIESKIEGO-W-PRZEGINI.pdf&#8221;][vc_column_text css=&#8221;&#8221;] Tekst jednolity \u2013 obowi\u0105zuje od 24 pa\u017adziernika 2024 r. [\/vc_column_text][\/vc_column][\/vc_row]","og_url":"https:\/\/przeginia.edu.pl\/index.php\/statut-szkoly-podstawowej\/","og_site_name":"Zesp&oacute;\u0142 Szk&oacute;\u0142 w Przegini","article_modified_time":"2026-01-05T17:27:45+00:00","twitter_card":"summary_large_image","schema":{"@context":"https:\/\/schema.org","@graph":[{"@type":"WebPage","@id":"https:\/\/przeginia.edu.pl\/index.php\/statut-szkoly-podstawowej\/","url":"https:\/\/przeginia.edu.pl\/index.php\/statut-szkoly-podstawowej\/","name":"Statut Szko\u0142y Podstawowej - Zesp&oacute;\u0142 Szk&oacute;\u0142 w Przegini","isPartOf":{"@id":"https:\/\/przeginia.edu.pl\/#website"},"datePublished":"2026-01-05T16:39:56+00:00","dateModified":"2026-01-05T17:27:45+00:00","breadcrumb":{"@id":"https:\/\/przeginia.edu.pl\/index.php\/statut-szkoly-podstawowej\/#breadcrumb"},"inLanguage":"pl-PL","potentialAction":[{"@type":"ReadAction","target":["https:\/\/przeginia.edu.pl\/index.php\/statut-szkoly-podstawowej\/"]}]},{"@type":"BreadcrumbList","@id":"https:\/\/przeginia.edu.pl\/index.php\/statut-szkoly-podstawowej\/#breadcrumb","itemListElement":[{"@type":"ListItem","position":1,"name":"Strona g\u0142\u00f3wna","item":"https:\/\/przeginia.edu.pl\/"},{"@type":"ListItem","position":2,"name":"Statut Szko\u0142y Podstawowej"}]},{"@type":"WebSite","@id":"https:\/\/przeginia.edu.pl\/#website","url":"https:\/\/przeginia.edu.pl\/","name":"Zesp\u00f3\u0142 Szk\u00f3\u0142 w Przegini","description":"Odwaga w dzia\u0142aniu, m\u0105dro\u015b\u0107 w nauce, serce w przyja\u017ani.","publisher":{"@id":"https:\/\/przeginia.edu.pl\/#organization"},"potentialAction":[{"@type":"SearchAction","target":{"@type":"EntryPoint","urlTemplate":"https:\/\/przeginia.edu.pl\/?s={search_term_string}"},"query-input":{"@type":"PropertyValueSpecification","valueRequired":true,"valueName":"search_term_string"}}],"inLanguage":"pl-PL"},{"@type":"Organization","@id":"https:\/\/przeginia.edu.pl\/#organization","name":"Zesp\u00f3\u0142 Szk\u00f3\u0142 w Przegini","url":"https:\/\/przeginia.edu.pl\/","logo":{"@type":"ImageObject","inLanguage":"pl-PL","@id":"https:\/\/przeginia.edu.pl\/#\/schema\/logo\/image\/","url":"https:\/\/przeginia.edu.pl\/wp-content\/uploads\/2026\/02\/log-100.png","contentUrl":"https:\/\/przeginia.edu.pl\/wp-content\/uploads\/2026\/02\/log-100.png","width":470,"height":100,"caption":"Zesp\u00f3\u0142 Szk\u00f3\u0142 w Przegini"},"image":{"@id":"https:\/\/przeginia.edu.pl\/#\/schema\/logo\/image\/"}}]}},"_links":{"self":[{"href":"https:\/\/przeginia.edu.pl\/index.php\/wp-json\/wp\/v2\/pages\/3075","targetHints":{"allow":["GET"]}}],"collection":[{"href":"https:\/\/przeginia.edu.pl\/index.php\/wp-json\/wp\/v2\/pages"}],"about":[{"href":"https:\/\/przeginia.edu.pl\/index.php\/wp-json\/wp\/v2\/types\/page"}],"author":[{"embeddable":true,"href":"https:\/\/przeginia.edu.pl\/index.php\/wp-json\/wp\/v2\/users\/2"}],"replies":[{"embeddable":true,"href":"https:\/\/przeginia.edu.pl\/index.php\/wp-json\/wp\/v2\/comments?post=3075"}],"version-history":[{"count":8,"href":"https:\/\/przeginia.edu.pl\/index.php\/wp-json\/wp\/v2\/pages\/3075\/revisions"}],"predecessor-version":[{"id":3099,"href":"https:\/\/przeginia.edu.pl\/index.php\/wp-json\/wp\/v2\/pages\/3075\/revisions\/3099"}],"wp:attachment":[{"href":"https:\/\/przeginia.edu.pl\/index.php\/wp-json\/wp\/v2\/media?parent=3075"}],"curies":[{"name":"wp","href":"https:\/\/api.w.org\/{rel}","templated":true}]}}