{"id":2251,"date":"2025-05-25T16:46:10","date_gmt":"2025-05-25T16:46:10","guid":{"rendered":"https:\/\/przeginia.wer.com.pl\/?page_id=1900"},"modified":"2026-02-23T14:42:24","modified_gmt":"2026-02-23T14:42:24","slug":"polityka-prywatnosci-rodo","status":"publish","type":"page","link":"https:\/\/przeginia.edu.pl\/index.php\/polityka-prywatnosci-rodo\/","title":{"rendered":"Polityka prywatno\u015bci \/ RODO"},"content":{"rendered":"<div class=\"wpb-content-wrapper\"><p>[vc_row][vc_column][vc_custom_heading text=&#8221;Polityka prywatno\u015bci \/ RODO&#8221; font_container=&#8221;tag:h2|font_size:30|text_align:center|color:%231E73BE&#8221; use_theme_fonts=&#8221;yes&#8221; css=&#8221;.vc_custom_1771857738734{margin-bottom: 40px !important;padding-top: 5px !important;padding-right: 5px !important;padding-bottom: 5px !important;padding-left: 5px !important;background-color: #93212100 !important;}&#8221;][\/vc_column][\/vc_row][vc_row][vc_column][vc_column_text css=&#8221;&#8221;]<strong>OBOWI\u0104ZEK INFORMACYJNY<\/strong><\/p>\n<p>&nbsp;<\/p>\n<table>\n<tbody>\n<tr>\n<td><strong>INFORMACJE OG\u00d3LNE<\/strong><\/td>\n<\/tr>\n<tr>\n<td>Od 25 maja 2018 r. stosowane jest Rozporz\u0105dzenie Parlamentu Europejskiego i Rady (UE) 2016\/679 z dnia 27 kwietnia 2016 r. w sprawie ochrony os\u00f3b fizycznych w zwi\u0105zku z przetwarzaniem danych osobowych i\u00a0w\u00a0sprawie swobodnego przep\u0142ywu takich danych oraz uchylenia dyrektywy 95\/46\/WE (og\u00f3lne rozporz\u0105dzenie o ochronie danych osobowych), Dz. Urz. UE. L Nr 119, str. 1, w skr\u00f3cie: RODO. RODO nakazuje, aby podmiot decyduj\u0105cy o tym, w jaki spos\u00f3b i w jakim celu przetwarzane s\u0105 dane osobowe, czyli tzw. administrator danych, przekaza\u0142 Pa\u0144stwu informacje niezb\u0119dne do zapewnienia rzetelno\u015bci i przejrzysto\u015bci przetwarzania danych osobowych.<\/td>\n<\/tr>\n<tr>\n<td><strong>ADMINISTRATOR DANYCH<\/strong><\/td>\n<\/tr>\n<tr>\n<td>Administratorem Pa\u0144stwa danych osobowych (dalej jako: \u201eAdministrator\u201d) jest Zesp\u00f3\u0142 Szk\u00f3\u0142 w Przegini, Przeginia 403, 32-049\u00a0 Przeginia, telefon\/fax: 123898014, REGON: 120750283, NIP: 5130170430, strona internetowa: http:\/\/sp.zsprzeginia.pl<\/td>\n<\/tr>\n<tr>\n<td><strong>DANE KONTAKTOWE INSPEKTORA OCHRONY DANYCH<\/strong><\/td>\n<\/tr>\n<tr>\n<td>We wszelkich sprawach zwi\u0105zanych z przetwarzaniem danych osobowych przez Administratora Danych mo\u017cna uzyska\u0107 informacj\u0119, kontaktuj\u0105c si\u0119 z Inspektorem Ochrony Danych \u2013 Patrycj\u0105 H\u0142ado\u0144:<\/p>\n<p>\u2022\u00a0\u00a0\u00a0 za po\u015brednictwem poczty elektronicznej, przesy\u0142aj\u0105c informacj\u0119 na adres e-mail: patrycja@informatics.jaworzno.pl<\/p>\n<p>\u2022\u00a0\u00a0\u00a0 listownie i osobi\u015bcie pod adresem siedziby Administratora Danych<\/td>\n<\/tr>\n<tr>\n<td><strong>CEL ORAZ PODSTAWA PRAWNA PRZETWARZANIA DANYCH OSOBOWYCH<\/strong><\/td>\n<\/tr>\n<tr>\n<td>Zgodnie z obowi\u0105zuj\u0105cymi przepisami prawa o\u015bwiatowego Pa\u0144stwa dane osobowe s\u0105 wykorzystywane w celu realizacji dzia\u0142alno\u015bci dydaktycznej, wychowawczej i opieku\u0144czej oraz innej dzia\u0142alno\u015bci statutowej szko\u0142y, w tym podnoszenia jako\u015bci pracy plac\u00f3wki oraz jej rozwoju organizacyjnego.<\/td>\n<\/tr>\n<tr>\n<td><strong>OKRES PRZECHOWYWANIA DANYCH<\/strong><\/td>\n<\/tr>\n<tr>\n<td>Pa\u0144stwa dane osobowe b\u0119d\u0105 przechowywane:<\/p>\n<p>\u2022\u00a0\u00a0\u00a0 przez okres zgodny z odpowiednimi przepisami prawa dot. post\u0119powania z dokumentacj\u0105, zasad jej klasyfikowania i kwalifikowania oraz zasad i trybu przekazywania materia\u0142\u00f3w archiwalnych do archiw\u00f3w pa\u0144stwowych<\/p>\n<p>\u2022\u00a0\u00a0\u00a0 do momentu wycofania zgody przez osob\u0119, kt\u00f3rej dane dotycz\u0105, je\u015bli dane s\u0105 przetwarzane w oparciu o wyra\u017con\u0105 zgod\u0119.<\/td>\n<\/tr>\n<tr>\n<td><strong>ODBIORCY DANYCH<\/strong><\/td>\n<\/tr>\n<tr>\n<td>Dost\u0119p do danych b\u0119d\u0105 mia\u0142y osoby pracuj\u0105ce i wsp\u00f3\u0142pracuj\u0105ce z Administratorem Danych w zakresie realizacji zada\u0144 statutowych szko\u0142y. Pa\u0144stwa dane w przypadkach \u015bci\u015ble okre\u015blonych przepisami prawa mog\u0105 zosta\u0107 ujawnione poprzez przes\u0142anie uprawnionym podmiotom.<\/td>\n<\/tr>\n<tr>\n<td><strong>PRZEKAZYWANIE DANYCH OSOBOWYCH POZA OBSZAR EOG<\/strong><\/td>\n<\/tr>\n<tr>\n<td>Administrator Danych nie zamierza przekazywa\u0107 Pa\u0144stwa danych poza obszar Europejskiego Obszaru Gospodarczego (tj. obszar obejmuj\u0105cy kraje Unii Europejskiej, Norwegi\u0119, Liechtenstein i Islandi\u0119).<\/td>\n<\/tr>\n<tr>\n<td><strong>PRAWA OSOBY, KT\u00d3REJ DANE DOTYCZ\u0104<\/strong><\/td>\n<\/tr>\n<tr>\n<td>Informujemy, \u017ce przys\u0142uguj\u0105 Pa\u0144stwu nast\u0119puj\u0105ce prawa dotycz\u0105ce danych osobowych:<\/p>\n<p>\u2022\u00a0\u00a0\u00a0 dost\u0119pu do danych osobowych, tj. uzyskania informacji, czy Administrator przetwarza Pa\u0144stwa dane, a je\u015bli tak, to w jakim zakresie,<\/p>\n<p>\u2022\u00a0\u00a0\u00a0 sprostowania danych osobowych, w przypadku, gdy Pa\u0144stwa zdaniem s\u0105 one nieprawid\u0142owe lub niekompletne,<\/p>\n<p>\u2022\u00a0\u00a0\u00a0 ograniczenia przetwarzania danych, tj. nakazania przechowywania danych dotychczas zebranych przez Administratora i wstrzymania dalszych operacji na danych,<\/p>\n<p>\u2022\u00a0\u00a0\u00a0 prawo do cofni\u0119cia zgody w dowolnym momencie, gdy przetwarzanie danych odbywa si\u0119, w oparciu o\u00a0wyra\u017con\u0105 zgod\u0119 \u2013 z zastrze\u017ceniem, \u017ce wycofanie tej zgody nie wp\u0142ywa na zgodno\u015b\u0107 z prawem przetwarzania, kt\u00f3rego dokonano na podstawie zgody przed jej cofni\u0119ciem,<\/p>\n<p>\u2022\u00a0\u00a0\u00a0 cofni\u0119cia zgody w dowolnym momencie bez wp\u0142ywu na zgodno\u015b\u0107 z prawem przetwarzania, kt\u00f3rego dokonano na podstawie zgody przed jej cofni\u0119ciem<\/p>\n<p>\u2022\u00a0\u00a0\u00a0 wniesienia skargi do organu nadzorczego \u2013 Prezesa Urz\u0119du Ochrony Danych Osobowych w przypadku, gdy Pa\u0144stwa zdaniem przetwarzanie danych osobowych przez Administratora odbywa si\u0119 z naruszeniem prawa pod adresem ul. Stawki 2, 00-193 Warszawa<\/td>\n<\/tr>\n<tr>\n<td><strong>PODSTAWA PODANIA DANYCH OSOBOWYCH<\/strong><\/td>\n<\/tr>\n<tr>\n<td>Podanie przez Pa\u0144stwa danych osobowych jest wymogiem ustawowym koniecznym do realizacji zada\u0144 statutowych plac\u00f3wki. Dodatkowo mo\u017cemy prosi\u0107 o podanie danych opcjonalnych za Pa\u0144stwa zgod\u0105, kt\u00f3rych niepodanie znacz\u0105co utrudni prawid\u0142ow\u0105 organizacj\u0119 pracy szko\u0142y i wp\u0142ynie na jako\u015b\u0107 \u015bwiadczonych us\u0142ug, jak r\u00f3wnie\u017c mo\u017ce zawa\u017cy\u0107 na bezpiecze\u0144stwu wychowank\u00f3w.<\/td>\n<\/tr>\n<tr>\n<td><strong>INFORMACJA O ZAUTOMATYZOWANYM PODEJMOWANIU DECYZJI<\/strong><\/td>\n<\/tr>\n<tr>\n<td>Pa\u0144stwa dane nie b\u0119d\u0105 przetwarzane w spos\u00f3b zautomatyzowany w tym r\u00f3wnie\u017c profilowane, co oznacza, \u017ce \u017cadne decyzje wywo\u0142uj\u0105ce wobec Pa\u0144stwa skutki prawne lub w podobny spos\u00f3b na Pa\u0144stwa istotnie wp\u0142ywaj\u0105ce nie b\u0119d\u0105 oparte wy\u0142\u0105cznie na automatycznym przetwarzaniu danych osobowych i nie wi\u0105\u017c\u0105 si\u0119 z\u00a0tak\u0105 automatycznie podejmowan\u0105 decyzj\u0105.<\/td>\n<\/tr>\n<\/tbody>\n<\/table>\n<p>[\/vc_column_text][\/vc_column][\/vc_row]<\/p>\n<\/div>","protected":false},"excerpt":{"rendered":"<p>[vc_row][vc_column][vc_custom_heading text=&#8221;Polityka prywatno\u015bci \/ RODO&#8221; font_container=&#8221;tag:h2|font_size:30|text_align:center|color:%231E73BE&#8221; use_theme_fonts=&#8221;yes&#8221; css=&#8221;.vc_custom_1771857738734{margin-bottom: 40px !important;padding-top: 5px !important;padding-right: 5px !important;padding-bottom: 5px !important;padding-left: 5px !important;background-color: #93212100 !important;}&#8221;][\/vc_column][\/vc_row][vc_row][vc_column][vc_column_text css=&#8221;&#8221;]OBOWI\u0104ZEK INFORMACYJNY &nbsp; INFORMACJE OG\u00d3LNE Od 25 maja 2018 r. stosowane jest Rozporz\u0105dzenie Parlamentu Europejskiego i Rady (UE) 2016\/679 z dnia 27 kwietnia 2016 r. w sprawie ochrony os\u00f3b fizycznych w zwi\u0105zku z przetwarzaniem danych&hellip;<\/p>\n","protected":false},"author":1,"featured_media":0,"parent":0,"menu_order":0,"comment_status":"closed","ping_status":"closed","template":"","meta":{"footnotes":""},"class_list":["post-2251","page","type-page","status-publish","hentry","description-off"],"yoast_head":"<!-- This site is optimized with the Yoast SEO plugin v27.4 - https:\/\/yoast.com\/product\/yoast-seo-wordpress\/ -->\n<title>Polityka prywatno\u015bci \/ RODO - Zesp&oacute;\u0142 Szk&oacute;\u0142 w Przegini<\/title>\n<meta name=\"robots\" content=\"index, follow, max-snippet:-1, max-image-preview:large, max-video-preview:-1\" \/>\n<link rel=\"canonical\" href=\"https:\/\/przeginia.edu.pl\/index.php\/polityka-prywatnosci-rodo\/\" \/>\n<meta property=\"og:locale\" content=\"pl_PL\" \/>\n<meta property=\"og:type\" content=\"article\" \/>\n<meta property=\"og:title\" content=\"Polityka prywatno\u015bci \/ RODO - Zesp&oacute;\u0142 Szk&oacute;\u0142 w Przegini\" \/>\n<meta property=\"og:description\" content=\"[vc_row][vc_column][vc_custom_heading text=&#8221;Polityka prywatno\u015bci \/ RODO&#8221; font_container=&#8221;tag:h2|font_size:30|text_align:center|color:%231E73BE&#8221; use_theme_fonts=&#8221;yes&#8221; css=&#8221;.vc_custom_1771857738734{margin-bottom: 40px !important;padding-top: 5px !important;padding-right: 5px !important;padding-bottom: 5px !important;padding-left: 5px !important;background-color: #93212100 !important;}&#8221;][\/vc_column][\/vc_row][vc_row][vc_column][vc_column_text css=&#8221;&#8221;]OBOWI\u0104ZEK INFORMACYJNY &nbsp; INFORMACJE OG\u00d3LNE Od 25 maja 2018 r. stosowane jest Rozporz\u0105dzenie Parlamentu Europejskiego i Rady (UE) 2016\/679 z dnia 27 kwietnia 2016 r. w sprawie ochrony os\u00f3b fizycznych w zwi\u0105zku z przetwarzaniem danych&hellip;\" \/>\n<meta property=\"og:url\" content=\"https:\/\/przeginia.edu.pl\/index.php\/polityka-prywatnosci-rodo\/\" \/>\n<meta property=\"og:site_name\" content=\"Zesp&oacute;\u0142 Szk&oacute;\u0142 w Przegini\" \/>\n<meta property=\"article:modified_time\" content=\"2026-02-23T14:42:24+00:00\" \/>\n<meta name=\"twitter:card\" content=\"summary_large_image\" \/>\n<meta name=\"twitter:label1\" content=\"Szacowany czas czytania\" \/>\n\t<meta name=\"twitter:data1\" content=\"4 minuty\" \/>\n<script type=\"application\/ld+json\" class=\"yoast-schema-graph\">{\"@context\":\"https:\\\/\\\/schema.org\",\"@graph\":[{\"@type\":\"WebPage\",\"@id\":\"https:\\\/\\\/przeginia.edu.pl\\\/index.php\\\/polityka-prywatnosci-rodo\\\/\",\"url\":\"https:\\\/\\\/przeginia.edu.pl\\\/index.php\\\/polityka-prywatnosci-rodo\\\/\",\"name\":\"Polityka prywatno\u015bci \\\/ RODO - Zesp&oacute;\u0142 Szk&oacute;\u0142 w Przegini\",\"isPartOf\":{\"@id\":\"https:\\\/\\\/przeginia.edu.pl\\\/#website\"},\"datePublished\":\"2025-05-25T16:46:10+00:00\",\"dateModified\":\"2026-02-23T14:42:24+00:00\",\"breadcrumb\":{\"@id\":\"https:\\\/\\\/przeginia.edu.pl\\\/index.php\\\/polityka-prywatnosci-rodo\\\/#breadcrumb\"},\"inLanguage\":\"pl-PL\",\"potentialAction\":[{\"@type\":\"ReadAction\",\"target\":[\"https:\\\/\\\/przeginia.edu.pl\\\/index.php\\\/polityka-prywatnosci-rodo\\\/\"]}]},{\"@type\":\"BreadcrumbList\",\"@id\":\"https:\\\/\\\/przeginia.edu.pl\\\/index.php\\\/polityka-prywatnosci-rodo\\\/#breadcrumb\",\"itemListElement\":[{\"@type\":\"ListItem\",\"position\":1,\"name\":\"Strona g\u0142\u00f3wna\",\"item\":\"https:\\\/\\\/przeginia.edu.pl\\\/\"},{\"@type\":\"ListItem\",\"position\":2,\"name\":\"Polityka prywatno\u015bci \\\/ RODO\"}]},{\"@type\":\"WebSite\",\"@id\":\"https:\\\/\\\/przeginia.edu.pl\\\/#website\",\"url\":\"https:\\\/\\\/przeginia.edu.pl\\\/\",\"name\":\"Zesp\u00f3\u0142 Szk\u00f3\u0142 w Przegini\",\"description\":\"Odwaga w dzia\u0142aniu, m\u0105dro\u015b\u0107 w nauce, serce w przyja\u017ani.\",\"publisher\":{\"@id\":\"https:\\\/\\\/przeginia.edu.pl\\\/#organization\"},\"potentialAction\":[{\"@type\":\"SearchAction\",\"target\":{\"@type\":\"EntryPoint\",\"urlTemplate\":\"https:\\\/\\\/przeginia.edu.pl\\\/?s={search_term_string}\"},\"query-input\":{\"@type\":\"PropertyValueSpecification\",\"valueRequired\":true,\"valueName\":\"search_term_string\"}}],\"inLanguage\":\"pl-PL\"},{\"@type\":\"Organization\",\"@id\":\"https:\\\/\\\/przeginia.edu.pl\\\/#organization\",\"name\":\"Zesp\u00f3\u0142 Szk\u00f3\u0142 w Przegini\",\"url\":\"https:\\\/\\\/przeginia.edu.pl\\\/\",\"logo\":{\"@type\":\"ImageObject\",\"inLanguage\":\"pl-PL\",\"@id\":\"https:\\\/\\\/przeginia.edu.pl\\\/#\\\/schema\\\/logo\\\/image\\\/\",\"url\":\"https:\\\/\\\/przeginia.edu.pl\\\/wp-content\\\/uploads\\\/2026\\\/02\\\/log-100.png\",\"contentUrl\":\"https:\\\/\\\/przeginia.edu.pl\\\/wp-content\\\/uploads\\\/2026\\\/02\\\/log-100.png\",\"width\":470,\"height\":100,\"caption\":\"Zesp\u00f3\u0142 Szk\u00f3\u0142 w Przegini\"},\"image\":{\"@id\":\"https:\\\/\\\/przeginia.edu.pl\\\/#\\\/schema\\\/logo\\\/image\\\/\"}}]}<\/script>\n<!-- \/ Yoast SEO plugin. -->","yoast_head_json":{"title":"Polityka prywatno\u015bci \/ RODO - Zesp&oacute;\u0142 Szk&oacute;\u0142 w Przegini","robots":{"index":"index","follow":"follow","max-snippet":"max-snippet:-1","max-image-preview":"max-image-preview:large","max-video-preview":"max-video-preview:-1"},"canonical":"https:\/\/przeginia.edu.pl\/index.php\/polityka-prywatnosci-rodo\/","og_locale":"pl_PL","og_type":"article","og_title":"Polityka prywatno\u015bci \/ RODO - Zesp&oacute;\u0142 Szk&oacute;\u0142 w Przegini","og_description":"[vc_row][vc_column][vc_custom_heading text=&#8221;Polityka prywatno\u015bci \/ RODO&#8221; font_container=&#8221;tag:h2|font_size:30|text_align:center|color:%231E73BE&#8221; use_theme_fonts=&#8221;yes&#8221; css=&#8221;.vc_custom_1771857738734{margin-bottom: 40px !important;padding-top: 5px !important;padding-right: 5px !important;padding-bottom: 5px !important;padding-left: 5px !important;background-color: #93212100 !important;}&#8221;][\/vc_column][\/vc_row][vc_row][vc_column][vc_column_text css=&#8221;&#8221;]OBOWI\u0104ZEK INFORMACYJNY &nbsp; INFORMACJE OG\u00d3LNE Od 25 maja 2018 r. stosowane jest Rozporz\u0105dzenie Parlamentu Europejskiego i Rady (UE) 2016\/679 z dnia 27 kwietnia 2016 r. w sprawie ochrony os\u00f3b fizycznych w zwi\u0105zku z przetwarzaniem danych&hellip;","og_url":"https:\/\/przeginia.edu.pl\/index.php\/polityka-prywatnosci-rodo\/","og_site_name":"Zesp&oacute;\u0142 Szk&oacute;\u0142 w Przegini","article_modified_time":"2026-02-23T14:42:24+00:00","twitter_card":"summary_large_image","twitter_misc":{"Szacowany czas czytania":"4 minuty"},"schema":{"@context":"https:\/\/schema.org","@graph":[{"@type":"WebPage","@id":"https:\/\/przeginia.edu.pl\/index.php\/polityka-prywatnosci-rodo\/","url":"https:\/\/przeginia.edu.pl\/index.php\/polityka-prywatnosci-rodo\/","name":"Polityka prywatno\u015bci \/ RODO - Zesp&oacute;\u0142 Szk&oacute;\u0142 w Przegini","isPartOf":{"@id":"https:\/\/przeginia.edu.pl\/#website"},"datePublished":"2025-05-25T16:46:10+00:00","dateModified":"2026-02-23T14:42:24+00:00","breadcrumb":{"@id":"https:\/\/przeginia.edu.pl\/index.php\/polityka-prywatnosci-rodo\/#breadcrumb"},"inLanguage":"pl-PL","potentialAction":[{"@type":"ReadAction","target":["https:\/\/przeginia.edu.pl\/index.php\/polityka-prywatnosci-rodo\/"]}]},{"@type":"BreadcrumbList","@id":"https:\/\/przeginia.edu.pl\/index.php\/polityka-prywatnosci-rodo\/#breadcrumb","itemListElement":[{"@type":"ListItem","position":1,"name":"Strona g\u0142\u00f3wna","item":"https:\/\/przeginia.edu.pl\/"},{"@type":"ListItem","position":2,"name":"Polityka prywatno\u015bci \/ RODO"}]},{"@type":"WebSite","@id":"https:\/\/przeginia.edu.pl\/#website","url":"https:\/\/przeginia.edu.pl\/","name":"Zesp\u00f3\u0142 Szk\u00f3\u0142 w Przegini","description":"Odwaga w dzia\u0142aniu, m\u0105dro\u015b\u0107 w nauce, serce w przyja\u017ani.","publisher":{"@id":"https:\/\/przeginia.edu.pl\/#organization"},"potentialAction":[{"@type":"SearchAction","target":{"@type":"EntryPoint","urlTemplate":"https:\/\/przeginia.edu.pl\/?s={search_term_string}"},"query-input":{"@type":"PropertyValueSpecification","valueRequired":true,"valueName":"search_term_string"}}],"inLanguage":"pl-PL"},{"@type":"Organization","@id":"https:\/\/przeginia.edu.pl\/#organization","name":"Zesp\u00f3\u0142 Szk\u00f3\u0142 w Przegini","url":"https:\/\/przeginia.edu.pl\/","logo":{"@type":"ImageObject","inLanguage":"pl-PL","@id":"https:\/\/przeginia.edu.pl\/#\/schema\/logo\/image\/","url":"https:\/\/przeginia.edu.pl\/wp-content\/uploads\/2026\/02\/log-100.png","contentUrl":"https:\/\/przeginia.edu.pl\/wp-content\/uploads\/2026\/02\/log-100.png","width":470,"height":100,"caption":"Zesp\u00f3\u0142 Szk\u00f3\u0142 w Przegini"},"image":{"@id":"https:\/\/przeginia.edu.pl\/#\/schema\/logo\/image\/"}}]}},"_links":{"self":[{"href":"https:\/\/przeginia.edu.pl\/index.php\/wp-json\/wp\/v2\/pages\/2251","targetHints":{"allow":["GET"]}}],"collection":[{"href":"https:\/\/przeginia.edu.pl\/index.php\/wp-json\/wp\/v2\/pages"}],"about":[{"href":"https:\/\/przeginia.edu.pl\/index.php\/wp-json\/wp\/v2\/types\/page"}],"author":[{"embeddable":true,"href":"https:\/\/przeginia.edu.pl\/index.php\/wp-json\/wp\/v2\/users\/1"}],"replies":[{"embeddable":true,"href":"https:\/\/przeginia.edu.pl\/index.php\/wp-json\/wp\/v2\/comments?post=2251"}],"version-history":[{"count":3,"href":"https:\/\/przeginia.edu.pl\/index.php\/wp-json\/wp\/v2\/pages\/2251\/revisions"}],"predecessor-version":[{"id":3747,"href":"https:\/\/przeginia.edu.pl\/index.php\/wp-json\/wp\/v2\/pages\/2251\/revisions\/3747"}],"wp:attachment":[{"href":"https:\/\/przeginia.edu.pl\/index.php\/wp-json\/wp\/v2\/media?parent=2251"}],"curies":[{"name":"wp","href":"https:\/\/api.w.org\/{rel}","templated":true}]}}