{"id":2239,"date":"2026-02-09T15:57:41","date_gmt":"2026-02-09T15:57:41","guid":{"rendered":"https:\/\/przeginia.wer.com.pl\/?page_id=1858"},"modified":"2026-04-20T11:15:44","modified_gmt":"2026-04-20T10:15:44","slug":"rekrutacja","status":"publish","type":"page","link":"https:\/\/przeginia.edu.pl\/index.php\/rekrutacja\/","title":{"rendered":"Rekrutacja  2026\/2027"},"content":{"rendered":"<div class=\"wpb-content-wrapper\"><p>[vc_row][vc_column][vc_custom_heading text=&#8221;Rekrutacja 2026\/2027&#8243; font_container=&#8221;tag:h2|font_size:35|text_align:center|color:%231E73BE&#8221; use_theme_fonts=&#8221;yes&#8221; css=&#8221;.vc_custom_1771867100887{margin-bottom: 40px !important;padding-top: 5px !important;padding-right: 5px !important;padding-bottom: 5px !important;padding-left: 5px !important;background-color: #FFFFFF00 !important;border-radius: 35px !important;}&#8221;][\/vc_column][\/vc_row][vc_row][vc_column][vc_column_text css=&#8221;&#8221;]<strong><em>Szanowni Pa\u0144stwo,<\/em><\/strong><\/p>\n<p>Dyrektor Przedszkola Samorz\u0105dowego w Przegini informuje, \u017ce zgodnie z\u00a0<em>Zarz\u0105dzeniem Nr 6\/2026 W\u00d3JTA GMINY JERZMANOWICE-PRZEGINIA z dnia 15 stycznia 2026 roku w sprawie: harmonogramu czynno\u015bci w post\u0119powaniu rekrutacyjnym\u00a0 oraz post\u0119powaniu uzupe\u0142niaj\u0105cym do przedszkoli i oddzia\u0142\u00f3w przedszkolnych prowadzonych\u00a0 przez Gmin\u0119 Jerzmanowice-Przegina na rok szkolny<\/em> 2026\/2027<\/p>\n<p>od\u00a0 <strong>godz. 8.00 dn<\/strong>. <strong>20 kwietnia do godz. 15.00 dn. 24 kwietnia 2026 r.<\/strong> trwa\u0107 b\u0119dzie post\u0119powanie uzupe\u0142niaj\u0105ce do Przedszkola Samorz\u0105dowego w Przegini na\u00a0 rok szkolny 2026\/2027.<\/p>\n<p>Dokumenty w wersji elektronicznej mo\u017cna pobra\u0107 poni\u017cej lub w wersji papierowej w sekretariacie szko\u0142y.<\/p>\n<p>Wype\u0142niony komplet dokument\u00f3w (wniosek o przyj\u0119cie do przedszkola wraz z\u00a0\u00a0odpowiednimi o\u015bwiadczeniami) \u00a0mo\u017cna sk\u0142ada\u0107 w sekretariacie szko\u0142y lub przes\u0142a\u0107 poczt\u0105 elektroniczn\u0105 na adres: <strong>rekrutacja.przedszkole@przeginia.edu.pl<\/strong><\/p>\n<div class=\"wpb_text_column wpb_content_element \">\n<div class=\"wpb_wrapper\">\n<p>\uf0b7 Zarz\u0105dzenie ustalaj\u0105ce terminy rekrutacji: <a href=\"https:\/\/przedszkole.zsprzeginia.pl\/wp-content\/uploads\/2026\/02\/Zarzadzenie-Wojta-Gminy-6.2026.pdf\">Zarzadzenie-Wojta-Gminy-6.2026<\/a><\/p>\n<\/div>\n<p><strong>Rodzice dzieci ucz\u0119szczaj\u0105cych ju\u017c do przedszkola sk\u0142adaj\u0105 deklaracj\u0119 kontynuacji:<\/strong><\/p>\n<p><strong><a href=\"https:\/\/przeginia.edu.pl\/wp-content\/uploads\/2026\/02\/DEKLARACJA-KONTYNUOWANIA-WYCHOWANIA-PRZEDSZKOLNEGO.pdf\">DEKLARACJA KONTYNUOWANIA WYCHOWANIA PRZEDSZKOLNEGO<\/a><\/strong><\/p>\n<p><strong>Rodzice kandydat\u00f3w do przyj\u0119cia sk\u0142adaj\u0105 wniosek o przyj\u0119cie wraz z odpowiednimi za\u0142\u0105cznikami.<\/strong><\/p>\n<div class=\"wpb_wrapper\">\n<p><a href=\"https:\/\/przedszkole.zsprzeginia.pl\/wp-content\/uploads\/2026\/02\/Wniosek-o-przyjecie-do-przedszkola-2026-2027.pdf\">Wniosek-o-przyjecie-do-przedszkola-2026-2027<\/a><\/p>\n<p><a href=\"https:\/\/przedszkole.zsprzeginia.pl\/wp-content\/uploads\/2026\/02\/Zalacznik-1-Oswiadczenie-o-wielodzietnosci-rodziny-kandydata.pdf\">Zalacznik-1-Oswiadczenie-o-wielodzietnosci-rodziny-kandydata<\/a><\/p>\n<p><a href=\"https:\/\/przedszkole.zsprzeginia.pl\/wp-content\/uploads\/2026\/02\/Zalacznik-2-Oswiadczenie-o-samotnym-wychowywaniu-dziecka.pdf\">Zalacznik-2-Oswiadczenie-o-samotnym-wychowywaniu-dziecka<\/a><\/p>\n<p><a href=\"https:\/\/przedszkole.zsprzeginia.pl\/wp-content\/uploads\/2026\/02\/Zalacznik-3-Oswiadczenie-o-korzystaniu-z-zasilkow-rodzinnych.pdf\">Zalacznik-3-Oswiadczenie-o-korzystaniu-z-zasilkow-rodzinnych<\/a><\/p>\n<p><a href=\"https:\/\/przedszkole.zsprzeginia.pl\/wp-content\/uploads\/2026\/02\/Zalacznik-4-Oswiedczenie-o-nauce-rodzenstwa.pdf\">Zalacznik-4-Oswiedczenie-o-nauce-rodzenstwa<\/a><\/p>\n<p><a href=\"https:\/\/przedszkole.zsprzeginia.pl\/wp-content\/uploads\/2026\/02\/Potwierdzenie-woli-zapisu-dziecka-do-przedszkola.pdf\">Potwierdzenie-woli-zapisu-dziecka-do-przedszkola<\/a><\/p>\n<\/div>\n<\/div>\n<div class=\"vc_row wpb_row vc_inner vc_row-fluid\">\n<div class=\"wpb_column vc_column_container vc_col-sm-12\">\n<div class=\"vc_column-inner\">\n<div class=\"wpb_wrapper\">\n<div class=\"vc_separator wpb_content_element vc_separator_align_center vc_sep_width_100 vc_sep_border_width_3 vc_sep_pos_align_center vc_separator_no_text vc_sep_color_grey wpb_content_element wpb_content_element\"><\/div>\n<\/div>\n<\/div>\n<\/div>\n<\/div>\n<p>[\/vc_column_text][\/vc_column][\/vc_row][vc_row][vc_column width=&#8221;1\/3&#8243;][\/vc_column][vc_column width=&#8221;1\/3&#8243;][\/vc_column][\/vc_row][vc_row][vc_column width=&#8221;1\/6&#8243;][\/vc_column][vc_column width=&#8221;1\/6&#8243;][\/vc_column][\/vc_row]<\/p>\n<\/div>","protected":false},"excerpt":{"rendered":"<p>[vc_row][vc_column][vc_custom_heading text=&#8221;Rekrutacja 2026\/2027&#8243; font_container=&#8221;tag:h2|font_size:35|text_align:center|color:%231E73BE&#8221; use_theme_fonts=&#8221;yes&#8221; css=&#8221;.vc_custom_1771867100887{margin-bottom: 40px !important;padding-top: 5px !important;padding-right: 5px !important;padding-bottom: 5px !important;padding-left: 5px !important;background-color: #FFFFFF00 !important;border-radius: 35px !important;}&#8221;][\/vc_column][\/vc_row][vc_row][vc_column][vc_column_text css=&#8221;&#8221;]Szanowni Pa\u0144stwo, Dyrektor Przedszkola Samorz\u0105dowego w Przegini informuje, \u017ce zgodnie z\u00a0Zarz\u0105dzeniem Nr 6\/2026 W\u00d3JTA GMINY JERZMANOWICE-PRZEGINIA z dnia 15 stycznia 2026 roku w sprawie: harmonogramu czynno\u015bci w post\u0119powaniu rekrutacyjnym\u00a0 oraz post\u0119powaniu uzupe\u0142niaj\u0105cym do przedszkoli i&hellip;<\/p>\n","protected":false},"author":1,"featured_media":0,"parent":0,"menu_order":0,"comment_status":"closed","ping_status":"closed","template":"","meta":{"footnotes":""},"class_list":["post-2239","page","type-page","status-publish","hentry","description-off"],"yoast_head":"<!-- This site is optimized with the Yoast SEO plugin v27.4 - https:\/\/yoast.com\/product\/yoast-seo-wordpress\/ -->\n<title>Rekrutacja 2026\/2027 - Zesp&oacute;\u0142 Szk&oacute;\u0142 w Przegini<\/title>\n<meta name=\"robots\" content=\"index, follow, max-snippet:-1, max-image-preview:large, max-video-preview:-1\" \/>\n<link rel=\"canonical\" href=\"https:\/\/przeginia.edu.pl\/index.php\/rekrutacja\/\" \/>\n<meta property=\"og:locale\" content=\"pl_PL\" \/>\n<meta property=\"og:type\" content=\"article\" \/>\n<meta property=\"og:title\" content=\"Rekrutacja 2026\/2027 - Zesp&oacute;\u0142 Szk&oacute;\u0142 w Przegini\" \/>\n<meta property=\"og:description\" content=\"[vc_row][vc_column][vc_custom_heading text=&#8221;Rekrutacja 2026\/2027&#8243; font_container=&#8221;tag:h2|font_size:35|text_align:center|color:%231E73BE&#8221; use_theme_fonts=&#8221;yes&#8221; css=&#8221;.vc_custom_1771867100887{margin-bottom: 40px !important;padding-top: 5px !important;padding-right: 5px !important;padding-bottom: 5px !important;padding-left: 5px !important;background-color: #FFFFFF00 !important;border-radius: 35px !important;}&#8221;][\/vc_column][\/vc_row][vc_row][vc_column][vc_column_text css=&#8221;&#8221;]Szanowni Pa\u0144stwo, Dyrektor Przedszkola Samorz\u0105dowego w Przegini informuje, \u017ce zgodnie z\u00a0Zarz\u0105dzeniem Nr 6\/2026 W\u00d3JTA GMINY JERZMANOWICE-PRZEGINIA z dnia 15 stycznia 2026 roku w sprawie: harmonogramu czynno\u015bci w post\u0119powaniu rekrutacyjnym\u00a0 oraz post\u0119powaniu uzupe\u0142niaj\u0105cym do przedszkoli i&hellip;\" \/>\n<meta property=\"og:url\" content=\"https:\/\/przeginia.edu.pl\/index.php\/rekrutacja\/\" \/>\n<meta property=\"og:site_name\" content=\"Zesp&oacute;\u0142 Szk&oacute;\u0142 w Przegini\" \/>\n<meta property=\"article:modified_time\" content=\"2026-04-20T10:15:44+00:00\" \/>\n<meta name=\"twitter:card\" content=\"summary_large_image\" \/>\n<meta name=\"twitter:label1\" content=\"Szacowany czas czytania\" \/>\n\t<meta name=\"twitter:data1\" content=\"2 minuty\" \/>\n<script type=\"application\/ld+json\" class=\"yoast-schema-graph\">{\"@context\":\"https:\\\/\\\/schema.org\",\"@graph\":[{\"@type\":\"WebPage\",\"@id\":\"https:\\\/\\\/przeginia.edu.pl\\\/index.php\\\/rekrutacja\\\/\",\"url\":\"https:\\\/\\\/przeginia.edu.pl\\\/index.php\\\/rekrutacja\\\/\",\"name\":\"Rekrutacja 2026\\\/2027 - Zesp&oacute;\u0142 Szk&oacute;\u0142 w Przegini\",\"isPartOf\":{\"@id\":\"https:\\\/\\\/przeginia.edu.pl\\\/#website\"},\"datePublished\":\"2026-02-09T15:57:41+00:00\",\"dateModified\":\"2026-04-20T10:15:44+00:00\",\"breadcrumb\":{\"@id\":\"https:\\\/\\\/przeginia.edu.pl\\\/index.php\\\/rekrutacja\\\/#breadcrumb\"},\"inLanguage\":\"pl-PL\",\"potentialAction\":[{\"@type\":\"ReadAction\",\"target\":[\"https:\\\/\\\/przeginia.edu.pl\\\/index.php\\\/rekrutacja\\\/\"]}]},{\"@type\":\"BreadcrumbList\",\"@id\":\"https:\\\/\\\/przeginia.edu.pl\\\/index.php\\\/rekrutacja\\\/#breadcrumb\",\"itemListElement\":[{\"@type\":\"ListItem\",\"position\":1,\"name\":\"Strona g\u0142\u00f3wna\",\"item\":\"https:\\\/\\\/przeginia.edu.pl\\\/\"},{\"@type\":\"ListItem\",\"position\":2,\"name\":\"Rekrutacja 2026\\\/2027\"}]},{\"@type\":\"WebSite\",\"@id\":\"https:\\\/\\\/przeginia.edu.pl\\\/#website\",\"url\":\"https:\\\/\\\/przeginia.edu.pl\\\/\",\"name\":\"Zesp\u00f3\u0142 Szk\u00f3\u0142 w Przegini\",\"description\":\"Odwaga w dzia\u0142aniu, m\u0105dro\u015b\u0107 w nauce, serce w przyja\u017ani.\",\"publisher\":{\"@id\":\"https:\\\/\\\/przeginia.edu.pl\\\/#organization\"},\"potentialAction\":[{\"@type\":\"SearchAction\",\"target\":{\"@type\":\"EntryPoint\",\"urlTemplate\":\"https:\\\/\\\/przeginia.edu.pl\\\/?s={search_term_string}\"},\"query-input\":{\"@type\":\"PropertyValueSpecification\",\"valueRequired\":true,\"valueName\":\"search_term_string\"}}],\"inLanguage\":\"pl-PL\"},{\"@type\":\"Organization\",\"@id\":\"https:\\\/\\\/przeginia.edu.pl\\\/#organization\",\"name\":\"Zesp\u00f3\u0142 Szk\u00f3\u0142 w Przegini\",\"url\":\"https:\\\/\\\/przeginia.edu.pl\\\/\",\"logo\":{\"@type\":\"ImageObject\",\"inLanguage\":\"pl-PL\",\"@id\":\"https:\\\/\\\/przeginia.edu.pl\\\/#\\\/schema\\\/logo\\\/image\\\/\",\"url\":\"https:\\\/\\\/przeginia.edu.pl\\\/wp-content\\\/uploads\\\/2026\\\/02\\\/log-100.png\",\"contentUrl\":\"https:\\\/\\\/przeginia.edu.pl\\\/wp-content\\\/uploads\\\/2026\\\/02\\\/log-100.png\",\"width\":470,\"height\":100,\"caption\":\"Zesp\u00f3\u0142 Szk\u00f3\u0142 w Przegini\"},\"image\":{\"@id\":\"https:\\\/\\\/przeginia.edu.pl\\\/#\\\/schema\\\/logo\\\/image\\\/\"}}]}<\/script>\n<!-- \/ Yoast SEO plugin. -->","yoast_head_json":{"title":"Rekrutacja 2026\/2027 - Zesp&oacute;\u0142 Szk&oacute;\u0142 w Przegini","robots":{"index":"index","follow":"follow","max-snippet":"max-snippet:-1","max-image-preview":"max-image-preview:large","max-video-preview":"max-video-preview:-1"},"canonical":"https:\/\/przeginia.edu.pl\/index.php\/rekrutacja\/","og_locale":"pl_PL","og_type":"article","og_title":"Rekrutacja 2026\/2027 - Zesp&oacute;\u0142 Szk&oacute;\u0142 w Przegini","og_description":"[vc_row][vc_column][vc_custom_heading text=&#8221;Rekrutacja 2026\/2027&#8243; font_container=&#8221;tag:h2|font_size:35|text_align:center|color:%231E73BE&#8221; use_theme_fonts=&#8221;yes&#8221; css=&#8221;.vc_custom_1771867100887{margin-bottom: 40px !important;padding-top: 5px !important;padding-right: 5px !important;padding-bottom: 5px !important;padding-left: 5px !important;background-color: #FFFFFF00 !important;border-radius: 35px !important;}&#8221;][\/vc_column][\/vc_row][vc_row][vc_column][vc_column_text css=&#8221;&#8221;]Szanowni Pa\u0144stwo, Dyrektor Przedszkola Samorz\u0105dowego w Przegini informuje, \u017ce zgodnie z\u00a0Zarz\u0105dzeniem Nr 6\/2026 W\u00d3JTA GMINY JERZMANOWICE-PRZEGINIA z dnia 15 stycznia 2026 roku w sprawie: harmonogramu czynno\u015bci w post\u0119powaniu rekrutacyjnym\u00a0 oraz post\u0119powaniu uzupe\u0142niaj\u0105cym do przedszkoli i&hellip;","og_url":"https:\/\/przeginia.edu.pl\/index.php\/rekrutacja\/","og_site_name":"Zesp&oacute;\u0142 Szk&oacute;\u0142 w Przegini","article_modified_time":"2026-04-20T10:15:44+00:00","twitter_card":"summary_large_image","twitter_misc":{"Szacowany czas czytania":"2 minuty"},"schema":{"@context":"https:\/\/schema.org","@graph":[{"@type":"WebPage","@id":"https:\/\/przeginia.edu.pl\/index.php\/rekrutacja\/","url":"https:\/\/przeginia.edu.pl\/index.php\/rekrutacja\/","name":"Rekrutacja 2026\/2027 - Zesp&oacute;\u0142 Szk&oacute;\u0142 w Przegini","isPartOf":{"@id":"https:\/\/przeginia.edu.pl\/#website"},"datePublished":"2026-02-09T15:57:41+00:00","dateModified":"2026-04-20T10:15:44+00:00","breadcrumb":{"@id":"https:\/\/przeginia.edu.pl\/index.php\/rekrutacja\/#breadcrumb"},"inLanguage":"pl-PL","potentialAction":[{"@type":"ReadAction","target":["https:\/\/przeginia.edu.pl\/index.php\/rekrutacja\/"]}]},{"@type":"BreadcrumbList","@id":"https:\/\/przeginia.edu.pl\/index.php\/rekrutacja\/#breadcrumb","itemListElement":[{"@type":"ListItem","position":1,"name":"Strona g\u0142\u00f3wna","item":"https:\/\/przeginia.edu.pl\/"},{"@type":"ListItem","position":2,"name":"Rekrutacja 2026\/2027"}]},{"@type":"WebSite","@id":"https:\/\/przeginia.edu.pl\/#website","url":"https:\/\/przeginia.edu.pl\/","name":"Zesp\u00f3\u0142 Szk\u00f3\u0142 w Przegini","description":"Odwaga w dzia\u0142aniu, m\u0105dro\u015b\u0107 w nauce, serce w przyja\u017ani.","publisher":{"@id":"https:\/\/przeginia.edu.pl\/#organization"},"potentialAction":[{"@type":"SearchAction","target":{"@type":"EntryPoint","urlTemplate":"https:\/\/przeginia.edu.pl\/?s={search_term_string}"},"query-input":{"@type":"PropertyValueSpecification","valueRequired":true,"valueName":"search_term_string"}}],"inLanguage":"pl-PL"},{"@type":"Organization","@id":"https:\/\/przeginia.edu.pl\/#organization","name":"Zesp\u00f3\u0142 Szk\u00f3\u0142 w Przegini","url":"https:\/\/przeginia.edu.pl\/","logo":{"@type":"ImageObject","inLanguage":"pl-PL","@id":"https:\/\/przeginia.edu.pl\/#\/schema\/logo\/image\/","url":"https:\/\/przeginia.edu.pl\/wp-content\/uploads\/2026\/02\/log-100.png","contentUrl":"https:\/\/przeginia.edu.pl\/wp-content\/uploads\/2026\/02\/log-100.png","width":470,"height":100,"caption":"Zesp\u00f3\u0142 Szk\u00f3\u0142 w Przegini"},"image":{"@id":"https:\/\/przeginia.edu.pl\/#\/schema\/logo\/image\/"}}]}},"_links":{"self":[{"href":"https:\/\/przeginia.edu.pl\/index.php\/wp-json\/wp\/v2\/pages\/2239","targetHints":{"allow":["GET"]}}],"collection":[{"href":"https:\/\/przeginia.edu.pl\/index.php\/wp-json\/wp\/v2\/pages"}],"about":[{"href":"https:\/\/przeginia.edu.pl\/index.php\/wp-json\/wp\/v2\/types\/page"}],"author":[{"embeddable":true,"href":"https:\/\/przeginia.edu.pl\/index.php\/wp-json\/wp\/v2\/users\/1"}],"replies":[{"embeddable":true,"href":"https:\/\/przeginia.edu.pl\/index.php\/wp-json\/wp\/v2\/comments?post=2239"}],"version-history":[{"count":14,"href":"https:\/\/przeginia.edu.pl\/index.php\/wp-json\/wp\/v2\/pages\/2239\/revisions"}],"predecessor-version":[{"id":4300,"href":"https:\/\/przeginia.edu.pl\/index.php\/wp-json\/wp\/v2\/pages\/2239\/revisions\/4300"}],"wp:attachment":[{"href":"https:\/\/przeginia.edu.pl\/index.php\/wp-json\/wp\/v2\/media?parent=2239"}],"curies":[{"name":"wp","href":"https:\/\/api.w.org\/{rel}","templated":true}]}}