{"id":2230,"date":"2025-05-25T13:50:34","date_gmt":"2025-05-25T13:50:34","guid":{"rendered":"https:\/\/przeginia.wer.com.pl\/?page_id=1816"},"modified":"2025-05-25T13:50:34","modified_gmt":"2025-05-25T13:50:34","slug":"dokumenty-przedszkole","status":"publish","type":"page","link":"https:\/\/przeginia.edu.pl\/index.php\/dokumenty-przedszkole\/","title":{"rendered":"Dokumenty Przedszkole"},"content":{"rendered":"<div class=\"wpb-content-wrapper\"><p>[vc_row][vc_column][\/vc_column][\/vc_row][vc_row][vc_column][vc_custom_heading text=&#8221;Dokumenty Przedszkola&#8221; font_container=&#8221;tag:h2|font_size:20|text_align:center|color:%23FFFFFF&#8221; google_fonts=&#8221;font_family:Roboto%20Slab%3A100%2C300%2Cregular%2C700|font_style:400%20regular%3A400%3Anormal&#8221; css=&#8221;.vc_custom_1748178554451{margin-bottom: 40px !important;padding-top: 5px !important;padding-right: 5px !important;padding-bottom: 5px !important;padding-left: 5px !important;background: #932121 url(https:\/\/przeginia.edu.pl\/wp-content\/uploads\/2025\/05\/zabawki-na-pulce-466760.jpeg?id=836) !important;background-position: center !important;background-repeat: no-repeat !important;background-size: cover !important;border-radius: 35px !important;}&#8221;][\/vc_column][\/vc_row][vc_row][vc_column width=&#8221;1\/3&#8243;]<style type=\"text\/css\" data-type=\"the7_shortcodes-inline-css\">#default-btn-d916e308e0863a657702dc804d8ef865 {\n  border-radius: 10px;\n  font-size: 14px;\n  line-height: 16px;\n}\n.btn-shadow#default-btn-d916e308e0863a657702dc804d8ef865 {\n  box-shadow: 0 1px 6px rgba(0,0,0,0.12);\n  transition: box-shadow 0.2s ease-out, opacity 0.45s;\n}\n.btn-shadow#default-btn-d916e308e0863a657702dc804d8ef865:hover {\n  box-shadow: 0 5px 11px 0 rgba(0,0,0,0.18), 0 4px 15px 0 rgba(0,0,0,0.15);\n}\n.btn-3d#default-btn-d916e308e0863a657702dc804d8ef865 {\n  box-shadow: 0px 2px 0px 0px #e0e0e0;\n}\n.btn-flat#default-btn-d916e308e0863a657702dc804d8ef865 {\n  box-shadow: none;\n}\n.btn-flat#default-btn-d916e308e0863a657702dc804d8ef865:hover {\n  box-shadow: none;\n}\n#default-btn-d916e308e0863a657702dc804d8ef865.ico-right-side > i {\n  margin-right: 0px;\n  margin-left: 8px;\n}\n#default-btn-d916e308e0863a657702dc804d8ef865 > i {\n  margin-right: 8px;\n  font-size: 50px;\n}\n#default-btn-d916e308e0863a657702dc804d8ef865:not(:hover) {\n  border-width: 1px;\n  color: #000000;\n  background: #FFFFFF !important;\n  padding: 27px 18px 27px 18px;\n}\n#default-btn-d916e308e0863a657702dc804d8ef865:not(:hover) * {\n  color: #000000;\n}\n#default-btn-d916e308e0863a657702dc804d8ef865:hover {\n  border-width: 1px;\n  color: #000000;\n  background: #93442121 !important;\n  padding: 27px 18px 27px 18px;\n}\n#default-btn-d916e308e0863a657702dc804d8ef865:hover * {\n  color: #000000;\n}\n#default-btn-d916e308e0863a657702dc804d8ef865.ico-right-side > i {\n  margin-right: 0px;\n  margin-left: 8px;\n}\n#default-btn-d916e308e0863a657702dc804d8ef865 > i {\n  margin-right: 8px;\n}<\/style><div class=\"btn-align-center\"><a href=\"https:\/\/przeginia.wer.com.pl\/wp-content\/uploads\/2025\/05\/STATUT-PRZEDSZKOLE-SAMORZADOWE-w-PRZEGINI.pdf\" class=\"default-btn-shortcode dt-btn fadeIn animate-element animation-builder link-hover-off anchor-link btn-shadow  vc_custom_1753187659940\" id=\"default-btn-d916e308e0863a657702dc804d8ef865\" style=\"width:500px;\"><span>Statut Przedszkola Samorz\u0105dowego w Przegini<\/span><\/a><\/div>[\/vc_column][vc_column width=&#8221;1\/3&#8243;]<style type=\"text\/css\" data-type=\"the7_shortcodes-inline-css\">#default-btn-361dadcb6ed849d0298167a66c1a0e05 {\n  border-radius: 10px;\n  font-size: 14px;\n  line-height: 16px;\n}\n.btn-shadow#default-btn-361dadcb6ed849d0298167a66c1a0e05 {\n  box-shadow: 0 1px 6px rgba(0,0,0,0.12);\n  transition: box-shadow 0.2s ease-out, opacity 0.45s;\n}\n.btn-shadow#default-btn-361dadcb6ed849d0298167a66c1a0e05:hover {\n  box-shadow: 0 5px 11px 0 rgba(0,0,0,0.18), 0 4px 15px 0 rgba(0,0,0,0.15);\n}\n.btn-3d#default-btn-361dadcb6ed849d0298167a66c1a0e05 {\n  box-shadow: 0px 2px 0px 0px #e0e0e0;\n}\n.btn-flat#default-btn-361dadcb6ed849d0298167a66c1a0e05 {\n  box-shadow: none;\n}\n.btn-flat#default-btn-361dadcb6ed849d0298167a66c1a0e05:hover {\n  box-shadow: none;\n}\n#default-btn-361dadcb6ed849d0298167a66c1a0e05.ico-right-side > i {\n  margin-right: 0px;\n  margin-left: 8px;\n}\n#default-btn-361dadcb6ed849d0298167a66c1a0e05 > i {\n  margin-right: 8px;\n  font-size: 50px;\n}\n#default-btn-361dadcb6ed849d0298167a66c1a0e05:not(:hover) {\n  border-width: 1px;\n  color: #000000;\n  background: #FFFFFF !important;\n  padding: 20px 18px 20px 18px;\n}\n#default-btn-361dadcb6ed849d0298167a66c1a0e05:not(:hover) * {\n  color: #000000;\n}\n#default-btn-361dadcb6ed849d0298167a66c1a0e05:hover {\n  border-width: 1px;\n  color: #000000;\n  background: #93442121 !important;\n  padding: 20px 18px 20px 18px;\n}\n#default-btn-361dadcb6ed849d0298167a66c1a0e05:hover * {\n  color: #000000;\n}\n#default-btn-361dadcb6ed849d0298167a66c1a0e05.ico-right-side > i {\n  margin-right: 0px;\n  margin-left: 8px;\n}\n#default-btn-361dadcb6ed849d0298167a66c1a0e05 > i {\n  margin-right: 8px;\n}<\/style><div class=\"btn-align-center\"><a href=\"https:\/\/przeginia.wer.com.pl\/podstawa-programowa-wychowania-przedszkolnego\/\" class=\"default-btn-shortcode dt-btn fadeIn animate-element animation-builder link-hover-off anchor-link btn-shadow  vc_custom_1753187422247\" id=\"default-btn-361dadcb6ed849d0298167a66c1a0e05\" style=\"width:500px;\"><span>Podstawa programowa wychowania przedszkolnego<\/span><\/a><\/div>[\/vc_column][vc_column width=&#8221;1\/3&#8243;]<style type=\"text\/css\" data-type=\"the7_shortcodes-inline-css\">#default-btn-8f3c5eecef9ac5cb7836f6da95e7d44c {\n  border-radius: 10px;\n  font-size: 14px;\n  line-height: 16px;\n}\n.btn-shadow#default-btn-8f3c5eecef9ac5cb7836f6da95e7d44c {\n  box-shadow: 0 1px 6px rgba(0,0,0,0.12);\n  transition: box-shadow 0.2s ease-out, opacity 0.45s;\n}\n.btn-shadow#default-btn-8f3c5eecef9ac5cb7836f6da95e7d44c:hover {\n  box-shadow: 0 5px 11px 0 rgba(0,0,0,0.18), 0 4px 15px 0 rgba(0,0,0,0.15);\n}\n.btn-3d#default-btn-8f3c5eecef9ac5cb7836f6da95e7d44c {\n  box-shadow: 0px 2px 0px 0px #e0e0e0;\n}\n.btn-flat#default-btn-8f3c5eecef9ac5cb7836f6da95e7d44c {\n  box-shadow: none;\n}\n.btn-flat#default-btn-8f3c5eecef9ac5cb7836f6da95e7d44c:hover {\n  box-shadow: none;\n}\n#default-btn-8f3c5eecef9ac5cb7836f6da95e7d44c.ico-right-side > i {\n  margin-right: 0px;\n  margin-left: 8px;\n}\n#default-btn-8f3c5eecef9ac5cb7836f6da95e7d44c > i {\n  margin-right: 8px;\n  font-size: 50px;\n}\n#default-btn-8f3c5eecef9ac5cb7836f6da95e7d44c:not(:hover) {\n  border-width: 1px;\n  color: #000000;\n  background: #FFFFFF !important;\n  padding: 27px 18px 27px 18px;\n}\n#default-btn-8f3c5eecef9ac5cb7836f6da95e7d44c:not(:hover) * {\n  color: #000000;\n}\n#default-btn-8f3c5eecef9ac5cb7836f6da95e7d44c:hover {\n  border-width: 1px;\n  color: #000000;\n  background: #93442121 !important;\n  padding: 27px 18px 27px 18px;\n}\n#default-btn-8f3c5eecef9ac5cb7836f6da95e7d44c:hover * {\n  color: #000000;\n}\n#default-btn-8f3c5eecef9ac5cb7836f6da95e7d44c.ico-right-side > i {\n  margin-right: 0px;\n  margin-left: 8px;\n}\n#default-btn-8f3c5eecef9ac5cb7836f6da95e7d44c > i {\n  margin-right: 8px;\n}<\/style><div class=\"btn-align-center\"><a href=\"https:\/\/przeginia.wer.com.pl\/koncepcja-pracy-przedszkola\/\" class=\"default-btn-shortcode dt-btn fadeIn animate-element animation-builder link-hover-off anchor-link btn-shadow  vc_custom_1753187666067\" id=\"default-btn-8f3c5eecef9ac5cb7836f6da95e7d44c\" style=\"width:500px;\"><span>Koncepcja Pracy Przedszkola<\/span><\/a><\/div>[\/vc_column][\/vc_row][vc_row][vc_column width=&#8221;1\/3&#8243;]<style type=\"text\/css\" data-type=\"the7_shortcodes-inline-css\">#default-btn-cef943756b4a4bea0b91dce652a88bc4 {\n  border-radius: 10px;\n  font-size: 14px;\n  line-height: 16px;\n}\n.btn-shadow#default-btn-cef943756b4a4bea0b91dce652a88bc4 {\n  box-shadow: 0 1px 6px rgba(0,0,0,0.12);\n  transition: box-shadow 0.2s ease-out, opacity 0.45s;\n}\n.btn-shadow#default-btn-cef943756b4a4bea0b91dce652a88bc4:hover {\n  box-shadow: 0 5px 11px 0 rgba(0,0,0,0.18), 0 4px 15px 0 rgba(0,0,0,0.15);\n}\n.btn-3d#default-btn-cef943756b4a4bea0b91dce652a88bc4 {\n  box-shadow: 0px 2px 0px 0px #e0e0e0;\n}\n.btn-flat#default-btn-cef943756b4a4bea0b91dce652a88bc4 {\n  box-shadow: none;\n}\n.btn-flat#default-btn-cef943756b4a4bea0b91dce652a88bc4:hover {\n  box-shadow: none;\n}\n#default-btn-cef943756b4a4bea0b91dce652a88bc4.ico-right-side > i {\n  margin-right: 0px;\n  margin-left: 8px;\n}\n#default-btn-cef943756b4a4bea0b91dce652a88bc4 > i {\n  margin-right: 8px;\n  font-size: 50px;\n}\n#default-btn-cef943756b4a4bea0b91dce652a88bc4:not(:hover) {\n  border-width: 1px;\n  color: #000000;\n  background: #FFFFFF !important;\n  padding: 27px 18px 27px 18px;\n}\n#default-btn-cef943756b4a4bea0b91dce652a88bc4:not(:hover) * {\n  color: #000000;\n}\n#default-btn-cef943756b4a4bea0b91dce652a88bc4:hover {\n  border-width: 1px;\n  color: #000000;\n  background: #93442121 !important;\n  padding: 27px 18px 27px 18px;\n}\n#default-btn-cef943756b4a4bea0b91dce652a88bc4:hover * {\n  color: #000000;\n}\n#default-btn-cef943756b4a4bea0b91dce652a88bc4.ico-right-side > i {\n  margin-right: 0px;\n  margin-left: 8px;\n}\n#default-btn-cef943756b4a4bea0b91dce652a88bc4 > i {\n  margin-right: 8px;\n}<\/style><div class=\"btn-align-center\"><a href=\"https:\/\/przeginia.wer.com.pl\/prosba-twojego-dziecka\/\" class=\"default-btn-shortcode dt-btn fadeIn animate-element animation-builder link-hover-off anchor-link btn-shadow  vc_custom_1753187689529\" id=\"default-btn-cef943756b4a4bea0b91dce652a88bc4\" style=\"width:500px;\"><span>Pro\u015bba Twojego Dziecka<\/span><\/a><\/div>[\/vc_column][vc_column width=&#8221;1\/3&#8243;][\/vc_column][vc_column width=&#8221;1\/3&#8243;]<style type=\"text\/css\" data-type=\"the7_shortcodes-inline-css\">#default-btn-aacd77378682cf61f6e9114ba5d938f5 {\n  border-radius: 10px;\n  font-size: 14px;\n  line-height: 16px;\n}\n.btn-shadow#default-btn-aacd77378682cf61f6e9114ba5d938f5 {\n  box-shadow: 0 1px 6px rgba(0,0,0,0.12);\n  transition: box-shadow 0.2s ease-out, opacity 0.45s;\n}\n.btn-shadow#default-btn-aacd77378682cf61f6e9114ba5d938f5:hover {\n  box-shadow: 0 5px 11px 0 rgba(0,0,0,0.18), 0 4px 15px 0 rgba(0,0,0,0.15);\n}\n.btn-3d#default-btn-aacd77378682cf61f6e9114ba5d938f5 {\n  box-shadow: 0px 2px 0px 0px #e0e0e0;\n}\n.btn-flat#default-btn-aacd77378682cf61f6e9114ba5d938f5 {\n  box-shadow: none;\n}\n.btn-flat#default-btn-aacd77378682cf61f6e9114ba5d938f5:hover {\n  box-shadow: none;\n}\n#default-btn-aacd77378682cf61f6e9114ba5d938f5.ico-right-side > i {\n  margin-right: 0px;\n  margin-left: 8px;\n}\n#default-btn-aacd77378682cf61f6e9114ba5d938f5 > i {\n  margin-right: 8px;\n  font-size: 50px;\n}\n#default-btn-aacd77378682cf61f6e9114ba5d938f5:not(:hover) {\n  border-width: 1px;\n  color: #000000;\n  background: #FFFFFF !important;\n  padding: 20px 18px 20px 18px;\n}\n#default-btn-aacd77378682cf61f6e9114ba5d938f5:not(:hover) * {\n  color: #000000;\n}\n#default-btn-aacd77378682cf61f6e9114ba5d938f5:hover {\n  border-width: 1px;\n  color: #000000;\n  background: #93442121 !important;\n  padding: 20px 18px 20px 18px;\n}\n#default-btn-aacd77378682cf61f6e9114ba5d938f5:hover * {\n  color: #000000;\n}\n#default-btn-aacd77378682cf61f6e9114ba5d938f5.ico-right-side > i {\n  margin-right: 0px;\n  margin-left: 8px;\n}\n#default-btn-aacd77378682cf61f6e9114ba5d938f5 > i {\n  margin-right: 8px;\n}<\/style><div class=\"btn-align-center\"><a href=\"https:\/\/przeginia.wer.com.pl\/wp-content\/uploads\/2025\/05\/Godzina-dostepnosci-nauczycieli-przedszkole-2023-24.docx\" class=\"default-btn-shortcode dt-btn fadeIn animate-element animation-builder link-hover-off anchor-link btn-shadow  vc_custom_1753187559251\" id=\"default-btn-aacd77378682cf61f6e9114ba5d938f5\" style=\"width:500px;\"><span>Godzina dost\u0119pno\u015bci nauczycieli przedszkole 2023-24<\/span><\/a><\/div>[\/vc_column][\/vc_row][vc_row][vc_column][vc_icon icon_fontawesome=&#8221;fa fa-solid fa-seedling&#8221; color=&#8221;black&#8221; align=&#8221;center&#8221; css=&#8221;&#8221;][\/vc_column][\/vc_row]<\/p>\n<\/div>","protected":false},"excerpt":{"rendered":"<p>[vc_row][vc_column][\/vc_column][\/vc_row][vc_row][vc_column][vc_custom_heading text=&#8221;Dokumenty Przedszkola&#8221; font_container=&#8221;tag:h2|font_size:20|text_align:center|color:%23FFFFFF&#8221; google_fonts=&#8221;font_family:Roboto%20Slab%3A100%2C300%2Cregular%2C700|font_style:400%20regular%3A400%3Anormal&#8221; css=&#8221;.vc_custom_1748178554451{margin-bottom: 40px !important;padding-top: 5px !important;padding-right: 5px !important;padding-bottom: 5px !important;padding-left: 5px !important;background: #932121 url(https:\/\/przeginia.edu.pl\/wp-content\/uploads\/2025\/05\/zabawki-na-pulce-466760.jpeg?id=836) !important;background-position: center !important;background-repeat: no-repeat !important;background-size: cover !important;border-radius: 35px !important;}&#8221;][\/vc_column][\/vc_row][vc_row][vc_column width=&#8221;1\/3&#8243;][\/vc_column][vc_column width=&#8221;1\/3&#8243;][\/vc_column][vc_column width=&#8221;1\/3&#8243;][\/vc_column][\/vc_row][vc_row][vc_column width=&#8221;1\/3&#8243;][\/vc_column][vc_column width=&#8221;1\/3&#8243;][\/vc_column][vc_column width=&#8221;1\/3&#8243;][\/vc_column][\/vc_row][vc_row][vc_column][vc_icon icon_fontawesome=&#8221;fa fa-solid fa-seedling&#8221; color=&#8221;black&#8221; align=&#8221;center&#8221; css=&#8221;&#8221;][\/vc_column][\/vc_row]<\/p>\n","protected":false},"author":1,"featured_media":0,"parent":0,"menu_order":0,"comment_status":"closed","ping_status":"closed","template":"","meta":{"footnotes":""},"class_list":["post-2230","page","type-page","status-publish","hentry","description-off"],"yoast_head":"<!-- This site is optimized with the Yoast SEO plugin v27.4 - https:\/\/yoast.com\/product\/yoast-seo-wordpress\/ -->\n<title>Dokumenty Przedszkole - Zesp&oacute;\u0142 Szk&oacute;\u0142 w Przegini<\/title>\n<meta name=\"robots\" content=\"index, follow, max-snippet:-1, max-image-preview:large, max-video-preview:-1\" \/>\n<link rel=\"canonical\" href=\"https:\/\/przeginia.edu.pl\/index.php\/dokumenty-przedszkole\/\" \/>\n<meta property=\"og:locale\" content=\"pl_PL\" \/>\n<meta property=\"og:type\" content=\"article\" \/>\n<meta property=\"og:title\" content=\"Dokumenty Przedszkole - Zesp&oacute;\u0142 Szk&oacute;\u0142 w Przegini\" \/>\n<meta property=\"og:description\" content=\"[vc_row][vc_column][\/vc_column][\/vc_row][vc_row][vc_column][vc_custom_heading text=&#8221;Dokumenty Przedszkola&#8221; font_container=&#8221;tag:h2|font_size:20|text_align:center|color:%23FFFFFF&#8221; google_fonts=&#8221;font_family:Roboto%20Slab%3A100%2C300%2Cregular%2C700|font_style:400%20regular%3A400%3Anormal&#8221; css=&#8221;.vc_custom_1748178554451{margin-bottom: 40px !important;padding-top: 5px !important;padding-right: 5px !important;padding-bottom: 5px !important;padding-left: 5px !important;background: #932121 url(https:\/\/przeginia.edu.pl\/wp-content\/uploads\/2025\/05\/zabawki-na-pulce-466760.jpeg?id=836) !important;background-position: center !important;background-repeat: no-repeat !important;background-size: cover !important;border-radius: 35px !important;}&#8221;][\/vc_column][\/vc_row][vc_row][vc_column width=&#8221;1\/3&#8243;][\/vc_column][vc_column width=&#8221;1\/3&#8243;][\/vc_column][vc_column width=&#8221;1\/3&#8243;][\/vc_column][\/vc_row][vc_row][vc_column width=&#8221;1\/3&#8243;][\/vc_column][vc_column width=&#8221;1\/3&#8243;][\/vc_column][vc_column width=&#8221;1\/3&#8243;][\/vc_column][\/vc_row][vc_row][vc_column][vc_icon icon_fontawesome=&#8221;fa fa-solid fa-seedling&#8221; color=&#8221;black&#8221; align=&#8221;center&#8221; css=&#8221;&#8221;][\/vc_column][\/vc_row]\" \/>\n<meta property=\"og:url\" content=\"https:\/\/przeginia.edu.pl\/index.php\/dokumenty-przedszkole\/\" \/>\n<meta property=\"og:site_name\" content=\"Zesp&oacute;\u0142 Szk&oacute;\u0142 w Przegini\" \/>\n<meta name=\"twitter:card\" content=\"summary_large_image\" \/>\n<meta name=\"twitter:label1\" content=\"Szacowany czas czytania\" \/>\n\t<meta name=\"twitter:data1\" content=\"3 minuty\" \/>\n<script type=\"application\/ld+json\" class=\"yoast-schema-graph\">{\"@context\":\"https:\\\/\\\/schema.org\",\"@graph\":[{\"@type\":\"WebPage\",\"@id\":\"https:\\\/\\\/przeginia.edu.pl\\\/index.php\\\/dokumenty-przedszkole\\\/\",\"url\":\"https:\\\/\\\/przeginia.edu.pl\\\/index.php\\\/dokumenty-przedszkole\\\/\",\"name\":\"Dokumenty Przedszkole - Zesp&oacute;\u0142 Szk&oacute;\u0142 w Przegini\",\"isPartOf\":{\"@id\":\"https:\\\/\\\/przeginia.edu.pl\\\/#website\"},\"datePublished\":\"2025-05-25T13:50:34+00:00\",\"breadcrumb\":{\"@id\":\"https:\\\/\\\/przeginia.edu.pl\\\/index.php\\\/dokumenty-przedszkole\\\/#breadcrumb\"},\"inLanguage\":\"pl-PL\",\"potentialAction\":[{\"@type\":\"ReadAction\",\"target\":[\"https:\\\/\\\/przeginia.edu.pl\\\/index.php\\\/dokumenty-przedszkole\\\/\"]}]},{\"@type\":\"BreadcrumbList\",\"@id\":\"https:\\\/\\\/przeginia.edu.pl\\\/index.php\\\/dokumenty-przedszkole\\\/#breadcrumb\",\"itemListElement\":[{\"@type\":\"ListItem\",\"position\":1,\"name\":\"Strona g\u0142\u00f3wna\",\"item\":\"https:\\\/\\\/przeginia.edu.pl\\\/\"},{\"@type\":\"ListItem\",\"position\":2,\"name\":\"Dokumenty Przedszkole\"}]},{\"@type\":\"WebSite\",\"@id\":\"https:\\\/\\\/przeginia.edu.pl\\\/#website\",\"url\":\"https:\\\/\\\/przeginia.edu.pl\\\/\",\"name\":\"Zesp\u00f3\u0142 Szk\u00f3\u0142 w Przegini\",\"description\":\"Odwaga w dzia\u0142aniu, m\u0105dro\u015b\u0107 w nauce, serce w przyja\u017ani.\",\"publisher\":{\"@id\":\"https:\\\/\\\/przeginia.edu.pl\\\/#organization\"},\"potentialAction\":[{\"@type\":\"SearchAction\",\"target\":{\"@type\":\"EntryPoint\",\"urlTemplate\":\"https:\\\/\\\/przeginia.edu.pl\\\/?s={search_term_string}\"},\"query-input\":{\"@type\":\"PropertyValueSpecification\",\"valueRequired\":true,\"valueName\":\"search_term_string\"}}],\"inLanguage\":\"pl-PL\"},{\"@type\":\"Organization\",\"@id\":\"https:\\\/\\\/przeginia.edu.pl\\\/#organization\",\"name\":\"Zesp\u00f3\u0142 Szk\u00f3\u0142 w Przegini\",\"url\":\"https:\\\/\\\/przeginia.edu.pl\\\/\",\"logo\":{\"@type\":\"ImageObject\",\"inLanguage\":\"pl-PL\",\"@id\":\"https:\\\/\\\/przeginia.edu.pl\\\/#\\\/schema\\\/logo\\\/image\\\/\",\"url\":\"https:\\\/\\\/przeginia.edu.pl\\\/wp-content\\\/uploads\\\/2026\\\/02\\\/log-100.png\",\"contentUrl\":\"https:\\\/\\\/przeginia.edu.pl\\\/wp-content\\\/uploads\\\/2026\\\/02\\\/log-100.png\",\"width\":470,\"height\":100,\"caption\":\"Zesp\u00f3\u0142 Szk\u00f3\u0142 w Przegini\"},\"image\":{\"@id\":\"https:\\\/\\\/przeginia.edu.pl\\\/#\\\/schema\\\/logo\\\/image\\\/\"}}]}<\/script>\n<!-- \/ Yoast SEO plugin. -->","yoast_head_json":{"title":"Dokumenty Przedszkole - Zesp&oacute;\u0142 Szk&oacute;\u0142 w Przegini","robots":{"index":"index","follow":"follow","max-snippet":"max-snippet:-1","max-image-preview":"max-image-preview:large","max-video-preview":"max-video-preview:-1"},"canonical":"https:\/\/przeginia.edu.pl\/index.php\/dokumenty-przedszkole\/","og_locale":"pl_PL","og_type":"article","og_title":"Dokumenty Przedszkole - Zesp&oacute;\u0142 Szk&oacute;\u0142 w Przegini","og_description":"[vc_row][vc_column][\/vc_column][\/vc_row][vc_row][vc_column][vc_custom_heading text=&#8221;Dokumenty Przedszkola&#8221; font_container=&#8221;tag:h2|font_size:20|text_align:center|color:%23FFFFFF&#8221; google_fonts=&#8221;font_family:Roboto%20Slab%3A100%2C300%2Cregular%2C700|font_style:400%20regular%3A400%3Anormal&#8221; css=&#8221;.vc_custom_1748178554451{margin-bottom: 40px !important;padding-top: 5px !important;padding-right: 5px !important;padding-bottom: 5px !important;padding-left: 5px !important;background: #932121 url(https:\/\/przeginia.edu.pl\/wp-content\/uploads\/2025\/05\/zabawki-na-pulce-466760.jpeg?id=836) !important;background-position: center !important;background-repeat: no-repeat !important;background-size: cover !important;border-radius: 35px !important;}&#8221;][\/vc_column][\/vc_row][vc_row][vc_column width=&#8221;1\/3&#8243;][\/vc_column][vc_column width=&#8221;1\/3&#8243;][\/vc_column][vc_column width=&#8221;1\/3&#8243;][\/vc_column][\/vc_row][vc_row][vc_column width=&#8221;1\/3&#8243;][\/vc_column][vc_column width=&#8221;1\/3&#8243;][\/vc_column][vc_column width=&#8221;1\/3&#8243;][\/vc_column][\/vc_row][vc_row][vc_column][vc_icon icon_fontawesome=&#8221;fa fa-solid fa-seedling&#8221; color=&#8221;black&#8221; align=&#8221;center&#8221; css=&#8221;&#8221;][\/vc_column][\/vc_row]","og_url":"https:\/\/przeginia.edu.pl\/index.php\/dokumenty-przedszkole\/","og_site_name":"Zesp&oacute;\u0142 Szk&oacute;\u0142 w Przegini","twitter_card":"summary_large_image","twitter_misc":{"Szacowany czas czytania":"3 minuty"},"schema":{"@context":"https:\/\/schema.org","@graph":[{"@type":"WebPage","@id":"https:\/\/przeginia.edu.pl\/index.php\/dokumenty-przedszkole\/","url":"https:\/\/przeginia.edu.pl\/index.php\/dokumenty-przedszkole\/","name":"Dokumenty Przedszkole - Zesp&oacute;\u0142 Szk&oacute;\u0142 w Przegini","isPartOf":{"@id":"https:\/\/przeginia.edu.pl\/#website"},"datePublished":"2025-05-25T13:50:34+00:00","breadcrumb":{"@id":"https:\/\/przeginia.edu.pl\/index.php\/dokumenty-przedszkole\/#breadcrumb"},"inLanguage":"pl-PL","potentialAction":[{"@type":"ReadAction","target":["https:\/\/przeginia.edu.pl\/index.php\/dokumenty-przedszkole\/"]}]},{"@type":"BreadcrumbList","@id":"https:\/\/przeginia.edu.pl\/index.php\/dokumenty-przedszkole\/#breadcrumb","itemListElement":[{"@type":"ListItem","position":1,"name":"Strona g\u0142\u00f3wna","item":"https:\/\/przeginia.edu.pl\/"},{"@type":"ListItem","position":2,"name":"Dokumenty Przedszkole"}]},{"@type":"WebSite","@id":"https:\/\/przeginia.edu.pl\/#website","url":"https:\/\/przeginia.edu.pl\/","name":"Zesp\u00f3\u0142 Szk\u00f3\u0142 w Przegini","description":"Odwaga w dzia\u0142aniu, m\u0105dro\u015b\u0107 w nauce, serce w przyja\u017ani.","publisher":{"@id":"https:\/\/przeginia.edu.pl\/#organization"},"potentialAction":[{"@type":"SearchAction","target":{"@type":"EntryPoint","urlTemplate":"https:\/\/przeginia.edu.pl\/?s={search_term_string}"},"query-input":{"@type":"PropertyValueSpecification","valueRequired":true,"valueName":"search_term_string"}}],"inLanguage":"pl-PL"},{"@type":"Organization","@id":"https:\/\/przeginia.edu.pl\/#organization","name":"Zesp\u00f3\u0142 Szk\u00f3\u0142 w Przegini","url":"https:\/\/przeginia.edu.pl\/","logo":{"@type":"ImageObject","inLanguage":"pl-PL","@id":"https:\/\/przeginia.edu.pl\/#\/schema\/logo\/image\/","url":"https:\/\/przeginia.edu.pl\/wp-content\/uploads\/2026\/02\/log-100.png","contentUrl":"https:\/\/przeginia.edu.pl\/wp-content\/uploads\/2026\/02\/log-100.png","width":470,"height":100,"caption":"Zesp\u00f3\u0142 Szk\u00f3\u0142 w Przegini"},"image":{"@id":"https:\/\/przeginia.edu.pl\/#\/schema\/logo\/image\/"}}]}},"_links":{"self":[{"href":"https:\/\/przeginia.edu.pl\/index.php\/wp-json\/wp\/v2\/pages\/2230","targetHints":{"allow":["GET"]}}],"collection":[{"href":"https:\/\/przeginia.edu.pl\/index.php\/wp-json\/wp\/v2\/pages"}],"about":[{"href":"https:\/\/przeginia.edu.pl\/index.php\/wp-json\/wp\/v2\/types\/page"}],"author":[{"embeddable":true,"href":"https:\/\/przeginia.edu.pl\/index.php\/wp-json\/wp\/v2\/users\/1"}],"replies":[{"embeddable":true,"href":"https:\/\/przeginia.edu.pl\/index.php\/wp-json\/wp\/v2\/comments?post=2230"}],"version-history":[{"count":0,"href":"https:\/\/przeginia.edu.pl\/index.php\/wp-json\/wp\/v2\/pages\/2230\/revisions"}],"wp:attachment":[{"href":"https:\/\/przeginia.edu.pl\/index.php\/wp-json\/wp\/v2\/media?parent=2230"}],"curies":[{"name":"wp","href":"https:\/\/api.w.org\/{rel}","templated":true}]}}